{"id":7491,"date":"2023-07-10T20:49:49","date_gmt":"2023-07-10T18:49:49","guid":{"rendered":"https:\/\/pda-ag.ch\/kendimizi-anlamamiz\/"},"modified":"2023-07-16T07:24:46","modified_gmt":"2023-07-16T05:24:46","slug":"kendimizi-anlamamiz","status":"publish","type":"page","link":"https:\/\/pda-ag.ch\/tr\/kendimizi-anlamamiz\/","title":{"rendered":"kendini anlama"},"content":{"rendered":"\t\t<div data-elementor-type=\"wp-page\" data-elementor-id=\"7491\" class=\"elementor elementor-7491 elementor-7482\" data-elementor-post-type=\"page\">\n\t\t\t\t\t\t<section class=\"elementor-section elementor-top-section elementor-element elementor-element-72189c0 elementor-section-content-middle elementor-section-boxed elementor-section-height-default elementor-section-height-default\" data-id=\"72189c0\" data-element_type=\"section\">\n\t\t\t\t\t\t<div class=\"elementor-container elementor-column-gap-no\">\n\t\t\t\t\t<div class=\"elementor-column elementor-col-100 elementor-top-column elementor-element elementor-element-c57e0a6\" data-id=\"c57e0a6\" data-element_type=\"column\" data-settings=\"{&quot;background_background&quot;:&quot;classic&quot;}\">\n\t\t\t<div class=\"elementor-widget-wrap elementor-element-populated\">\n\t\t\t\t\t\t<div class=\"elementor-element elementor-element-91d3995 elementor-widget elementor-widget-heading\" data-id=\"91d3995\" data-element_type=\"widget\" data-widget_type=\"heading.default\">\n\t\t\t\t<div class=\"elementor-widget-container\">\n\t\t\t\t\t<p class=\"elementor-heading-title elementor-size-default\">Bir \u015feyin daha iyiye do\u011fru geli\u015fmesi i\u00e7in onu kendi elimize almal\u0131y\u0131z.<\/p>\t\t\t\t<\/div>\n\t\t\t\t<\/div>\n\t\t\t\t<div class=\"elementor-element elementor-element-ce88854 elementor-widget elementor-widget-heading\" data-id=\"ce88854\" data-element_type=\"widget\" data-widget_type=\"heading.default\">\n\t\t\t\t<div class=\"elementor-widget-container\">\n\t\t\t\t\t<p class=\"elementor-heading-title elementor-size-default\"><span style=\"color: #CCCC00;font-weight: bold\">Bir\u00e7o\u011fu b\u00fcy\u00fck ustalara sayg\u0131 duyuyor - yanl\u0131\u015f umutlarla dolu.<\/span> D\u00fcnyay\u0131 bizim i\u00e7in daha iyi hale getireceklerine k\u00f6r\u00fc k\u00f6r\u00fcne g\u00fcvenerek onlara tap\u0131yor ve onlar\u0131 ne\u015felendiriyorlar.\n Ve bu harikalardan baz\u0131lar\u0131n\u0131n ba\u015flang\u0131\u00e7ta akl\u0131nda ba\u015fka bir \u015fey yok. Ancak zirveye ula\u015ft\u0131\u011f\u0131nda, d\u00fcnyay\u0131 yaln\u0131zca yukar\u0131dan g\u00f6r\u00fcr. Bizi burada \u00e7ok k\u00fc\u00e7\u00fck ve bulan\u0131k g\u00f6r\u00fcyor. Hay\u0131r, olamaz! Durumumuzu ancak kendimiz iyile\u015ftirebiliriz.<\/p>\t\t\t\t<\/div>\n\t\t\t\t<\/div>\n\t\t\t\t<div class=\"elementor-element elementor-element-a608f28 elementor-widget elementor-widget-heading\" data-id=\"a608f28\" data-element_type=\"widget\" data-widget_type=\"heading.default\">\n\t\t\t\t<div class=\"elementor-widget-container\">\n\t\t\t\t\t<p class=\"elementor-heading-title elementor-size-default\"><span style=\"color: #168C2E;font-weight: bold\">Bizler s\u0131radan \u00e7al\u0131\u015fan insanlar\u0131z ve bu \u015fekilde kalmak istiyoruz.<\/span> G\u00fcc\u00fcn k\u00f6t\u00fcye kullan\u0131lmas\u0131n\u0131n \u00f6n\u00fcne pek \u00e7ok engel koyuyoruz, \u00f6rne\u011fin taban demokrasisine dayal\u0131, memurlara sadece zorunlu bir yetki veren ve rotasyon ve zorunlu katk\u0131 talep eden t\u00fcz\u00fc\u011f\u00fcm\u00fczle. Kar\u015f\u0131l\u0131\u011f\u0131nda, her \u00fcye kendi kaderini tayin edecek \u015fekilde aktif olmak i\u00e7in geni\u015f kapsaml\u0131 haklara sahiptir.<\/p>\t\t\t\t<\/div>\n\t\t\t\t<\/div>\n\t\t\t\t<div class=\"elementor-element elementor-element-5ab8ebf elementor-widget elementor-widget-heading\" data-id=\"5ab8ebf\" data-element_type=\"widget\" data-widget_type=\"heading.default\">\n\t\t\t\t<div class=\"elementor-widget-container\">\n\t\t\t\t\t<p class=\"elementor-heading-title elementor-size-default\"><span style=\"color: #E41B1D;font-weight: bold\">D\u00fcr\u00fcst \u00e7al\u0131\u015fma, bizi s\u00f6m\u00fcrmedi\u011fi s\u00fcrece d\u00fcnyay\u0131 ileriye ta\u015f\u0131r.<\/span> Ve ne yaz\u0131k ki bug\u00fcn bu \u00e7ok s\u0131k kar\u015f\u0131la\u015f\u0131lan bir durumdur: \u0130\u015f g\u00fcc\u00fcm\u00fcz\u00fc satmam\u0131z gereken ki\u015filer, eme\u011fimizin meyvelerinden \u00f6ncelikle yararlan\u0131rlar. Sermayeleri gittik\u00e7e daha fazla birikiyor, g\u00f6ky\u00fcz\u00fcne do\u011fru y\u00fckseliyor. Oradan, t\u00fcm bunlar\u0131n bizim iyili\u011fimiz i\u00e7in oldu\u011funa bizi inand\u0131rmak isteyen mesajlar\u0131n\u0131 duyuruyorlar. Hay\u0131r de\u011fil. Bize ger\u00e7ekten yard\u0131mc\u0131 olan \u015fey, dayan\u0131\u015fma i\u00e7inde payla\u015fmaya ba\u015flad\u0131\u011f\u0131m\u0131z zamand\u0131r. \u00c7al\u0131\u015fmak i\u00e7in ihtiya\u00e7 duydu\u011fumuz her \u015fey de hepimize ait olmal\u0131 ki, fazladan bir \u015fey elde edecek \u015fekilde yat\u0131r\u0131m yapabilelim.<\/p>\t\t\t\t<\/div>\n\t\t\t\t<\/div>\n\t\t\t\t\t<\/div>\n\t\t<\/div>\n\t\t\t\t\t<\/div>\n\t\t<\/section>\n\t\t\t\t<\/div>\n\t\t","protected":false},"excerpt":{"rendered":"<p>Bir \u015feyin daha iyiye do\u011fru geli\u015fmesi i\u00e7in onu kendi elimize almal\u0131y\u0131z. Bir\u00e7o\u011fu b\u00fcy\u00fck ustalara sayg\u0131 duyuyor &#8211; yanl\u0131\u015f umutlarla dolu. D\u00fcnyay\u0131 bizim i\u00e7in daha iyi hale getireceklerine k\u00f6r\u00fc k\u00f6r\u00fcne g\u00fcvenerek onlara tap\u0131yor ve onlar\u0131 ne\u015felendiriyorlar. Ve bu harikalardan baz\u0131lar\u0131n\u0131n ba\u015flang\u0131\u00e7ta akl\u0131nda ba\u015fka bir \u015fey yok. Ancak zirveye ula\u015ft\u0131\u011f\u0131nda, d\u00fcnyay\u0131 yaln\u0131zca yukar\u0131dan g\u00f6r\u00fcr. Bizi burada \u00e7ok [&hellip;]<\/p>\n","protected":false},"author":1,"featured_media":0,"parent":0,"menu_order":0,"comment_status":"closed","ping_status":"closed","template":"elementor_header_footer","meta":{"footnotes":""},"class_list":["post-7491","page","type-page","status-publish","hentry"],"yoast_head":"<!-- This site is optimized with the Yoast SEO plugin v25.3.1 - https:\/\/yoast.com\/wordpress\/plugins\/seo\/ -->\n<title>kendini anlama - PDA Aargau<\/title>\n<meta name=\"robots\" content=\"index, follow, max-snippet:-1, max-image-preview:large, max-video-preview:-1\" \/>\n<link rel=\"canonical\" href=\"https:\/\/pda-ag.ch\/tr\/kendimizi-anlamamiz\/\" \/>\n<meta property=\"og:locale\" content=\"tr_TR\" \/>\n<meta property=\"og:type\" content=\"article\" \/>\n<meta property=\"og:title\" content=\"kendini anlama - PDA Aargau\" \/>\n<meta property=\"og:description\" content=\"Bir \u015feyin daha iyiye do\u011fru geli\u015fmesi i\u00e7in onu kendi elimize almal\u0131y\u0131z. Bir\u00e7o\u011fu b\u00fcy\u00fck ustalara sayg\u0131 duyuyor &#8211; yanl\u0131\u015f umutlarla dolu. D\u00fcnyay\u0131 bizim i\u00e7in daha iyi hale getireceklerine k\u00f6r\u00fc k\u00f6r\u00fcne g\u00fcvenerek onlara tap\u0131yor ve onlar\u0131 ne\u015felendiriyorlar. Ve bu harikalardan baz\u0131lar\u0131n\u0131n ba\u015flang\u0131\u00e7ta akl\u0131nda ba\u015fka bir \u015fey yok. Ancak zirveye ula\u015ft\u0131\u011f\u0131nda, d\u00fcnyay\u0131 yaln\u0131zca yukar\u0131dan g\u00f6r\u00fcr. Bizi burada \u00e7ok [&hellip;]\" \/>\n<meta property=\"og:url\" content=\"https:\/\/pda-ag.ch\/tr\/kendimizi-anlamamiz\/\" \/>\n<meta property=\"og:site_name\" content=\"PDA Aargau\" \/>\n<meta property=\"article:publisher\" content=\"https:\/\/www.facebook.com\/pda.aargau\" \/>\n<meta property=\"article:modified_time\" content=\"2023-07-16T05:24:46+00:00\" \/>\n<meta name=\"twitter:card\" content=\"summary_large_image\" \/>\n<meta name=\"twitter:label1\" content=\"Est. reading time\" \/>\n\t<meta name=\"twitter:data1\" content=\"1 minute\" \/>\n<script type=\"application\/ld+json\" class=\"yoast-schema-graph\">{\"@context\":\"https:\/\/schema.org\",\"@graph\":[{\"@type\":\"WebPage\",\"@id\":\"https:\/\/pda-ag.ch\/tr\/kendimizi-anlamamiz\/\",\"url\":\"https:\/\/pda-ag.ch\/tr\/kendimizi-anlamamiz\/\",\"name\":\"kendini anlama - PDA Aargau\",\"isPartOf\":{\"@id\":\"https:\/\/pda-ag.ch\/tr\/#website\"},\"datePublished\":\"2023-07-10T18:49:49+00:00\",\"dateModified\":\"2023-07-16T05:24:46+00:00\",\"breadcrumb\":{\"@id\":\"https:\/\/pda-ag.ch\/tr\/kendimizi-anlamamiz\/#breadcrumb\"},\"inLanguage\":\"tr-TR\",\"potentialAction\":[{\"@type\":\"ReadAction\",\"target\":[\"https:\/\/pda-ag.ch\/tr\/kendimizi-anlamamiz\/\"]}]},{\"@type\":\"BreadcrumbList\",\"@id\":\"https:\/\/pda-ag.ch\/tr\/kendimizi-anlamamiz\/#breadcrumb\",\"itemListElement\":[{\"@type\":\"ListItem\",\"position\":1,\"name\":\"Home\",\"item\":\"https:\/\/pda-ag.ch\/tr\/ev\/\"},{\"@type\":\"ListItem\",\"position\":2,\"name\":\"kendini anlama\"}]},{\"@type\":\"WebSite\",\"@id\":\"https:\/\/pda-ag.ch\/tr\/#website\",\"url\":\"https:\/\/pda-ag.ch\/tr\/\",\"name\":\"PDA Aargau\",\"description\":\"\",\"publisher\":{\"@id\":\"https:\/\/pda-ag.ch\/tr\/#organization\"},\"potentialAction\":[{\"@type\":\"SearchAction\",\"target\":{\"@type\":\"EntryPoint\",\"urlTemplate\":\"https:\/\/pda-ag.ch\/tr\/?s={search_term_string}\"},\"query-input\":{\"@type\":\"PropertyValueSpecification\",\"valueRequired\":true,\"valueName\":\"search_term_string\"}}],\"inLanguage\":\"tr-TR\"},{\"@type\":\"Organization\",\"@id\":\"https:\/\/pda-ag.ch\/tr\/#organization\",\"name\":\"PDA Aargau\",\"url\":\"https:\/\/pda-ag.ch\/tr\/\",\"logo\":{\"@type\":\"ImageObject\",\"inLanguage\":\"tr-TR\",\"@id\":\"https:\/\/pda-ag.ch\/tr\/#\/schema\/logo\/image\/\",\"url\":\"https:\/\/pda-ag.ch\/wp-content\/uploads\/2021\/05\/photo_2021-03-14_19-57-07-e1617788004372.jpg\",\"contentUrl\":\"https:\/\/pda-ag.ch\/wp-content\/uploads\/2021\/05\/photo_2021-03-14_19-57-07-e1617788004372.jpg\",\"width\":814,\"height\":290,\"caption\":\"PDA Aargau\"},\"image\":{\"@id\":\"https:\/\/pda-ag.ch\/tr\/#\/schema\/logo\/image\/\"},\"sameAs\":[\"https:\/\/www.facebook.com\/pda.aargau\",\"https:\/\/www.instagram.com\/pdaaargau\/\",\"https:\/\/www.youtube.com\/channel\/UCLUB3blAFmqFiPAsBwx3oKQ\"]}]}<\/script>\n<!-- \/ Yoast SEO plugin. -->","yoast_head_json":{"title":"kendini anlama - PDA Aargau","robots":{"index":"index","follow":"follow","max-snippet":"max-snippet:-1","max-image-preview":"max-image-preview:large","max-video-preview":"max-video-preview:-1"},"canonical":"https:\/\/pda-ag.ch\/tr\/kendimizi-anlamamiz\/","og_locale":"tr_TR","og_type":"article","og_title":"kendini anlama - PDA Aargau","og_description":"Bir \u015feyin daha iyiye do\u011fru geli\u015fmesi i\u00e7in onu kendi elimize almal\u0131y\u0131z. Bir\u00e7o\u011fu b\u00fcy\u00fck ustalara sayg\u0131 duyuyor &#8211; yanl\u0131\u015f umutlarla dolu. D\u00fcnyay\u0131 bizim i\u00e7in daha iyi hale getireceklerine k\u00f6r\u00fc k\u00f6r\u00fcne g\u00fcvenerek onlara tap\u0131yor ve onlar\u0131 ne\u015felendiriyorlar. Ve bu harikalardan baz\u0131lar\u0131n\u0131n ba\u015flang\u0131\u00e7ta akl\u0131nda ba\u015fka bir \u015fey yok. Ancak zirveye ula\u015ft\u0131\u011f\u0131nda, d\u00fcnyay\u0131 yaln\u0131zca yukar\u0131dan g\u00f6r\u00fcr. Bizi burada \u00e7ok [&hellip;]","og_url":"https:\/\/pda-ag.ch\/tr\/kendimizi-anlamamiz\/","og_site_name":"PDA Aargau","article_publisher":"https:\/\/www.facebook.com\/pda.aargau","article_modified_time":"2023-07-16T05:24:46+00:00","twitter_card":"summary_large_image","twitter_misc":{"Est. reading time":"1 minute"},"schema":{"@context":"https:\/\/schema.org","@graph":[{"@type":"WebPage","@id":"https:\/\/pda-ag.ch\/tr\/kendimizi-anlamamiz\/","url":"https:\/\/pda-ag.ch\/tr\/kendimizi-anlamamiz\/","name":"kendini anlama - PDA Aargau","isPartOf":{"@id":"https:\/\/pda-ag.ch\/tr\/#website"},"datePublished":"2023-07-10T18:49:49+00:00","dateModified":"2023-07-16T05:24:46+00:00","breadcrumb":{"@id":"https:\/\/pda-ag.ch\/tr\/kendimizi-anlamamiz\/#breadcrumb"},"inLanguage":"tr-TR","potentialAction":[{"@type":"ReadAction","target":["https:\/\/pda-ag.ch\/tr\/kendimizi-anlamamiz\/"]}]},{"@type":"BreadcrumbList","@id":"https:\/\/pda-ag.ch\/tr\/kendimizi-anlamamiz\/#breadcrumb","itemListElement":[{"@type":"ListItem","position":1,"name":"Home","item":"https:\/\/pda-ag.ch\/tr\/ev\/"},{"@type":"ListItem","position":2,"name":"kendini anlama"}]},{"@type":"WebSite","@id":"https:\/\/pda-ag.ch\/tr\/#website","url":"https:\/\/pda-ag.ch\/tr\/","name":"PDA Aargau","description":"","publisher":{"@id":"https:\/\/pda-ag.ch\/tr\/#organization"},"potentialAction":[{"@type":"SearchAction","target":{"@type":"EntryPoint","urlTemplate":"https:\/\/pda-ag.ch\/tr\/?s={search_term_string}"},"query-input":{"@type":"PropertyValueSpecification","valueRequired":true,"valueName":"search_term_string"}}],"inLanguage":"tr-TR"},{"@type":"Organization","@id":"https:\/\/pda-ag.ch\/tr\/#organization","name":"PDA Aargau","url":"https:\/\/pda-ag.ch\/tr\/","logo":{"@type":"ImageObject","inLanguage":"tr-TR","@id":"https:\/\/pda-ag.ch\/tr\/#\/schema\/logo\/image\/","url":"https:\/\/pda-ag.ch\/wp-content\/uploads\/2021\/05\/photo_2021-03-14_19-57-07-e1617788004372.jpg","contentUrl":"https:\/\/pda-ag.ch\/wp-content\/uploads\/2021\/05\/photo_2021-03-14_19-57-07-e1617788004372.jpg","width":814,"height":290,"caption":"PDA Aargau"},"image":{"@id":"https:\/\/pda-ag.ch\/tr\/#\/schema\/logo\/image\/"},"sameAs":["https:\/\/www.facebook.com\/pda.aargau","https:\/\/www.instagram.com\/pdaaargau\/","https:\/\/www.youtube.com\/channel\/UCLUB3blAFmqFiPAsBwx3oKQ"]}]}},"_links":{"self":[{"href":"https:\/\/pda-ag.ch\/tr\/wp-json\/wp\/v2\/pages\/7491","targetHints":{"allow":["GET"]}}],"collection":[{"href":"https:\/\/pda-ag.ch\/tr\/wp-json\/wp\/v2\/pages"}],"about":[{"href":"https:\/\/pda-ag.ch\/tr\/wp-json\/wp\/v2\/types\/page"}],"author":[{"embeddable":true,"href":"https:\/\/pda-ag.ch\/tr\/wp-json\/wp\/v2\/users\/1"}],"replies":[{"embeddable":true,"href":"https:\/\/pda-ag.ch\/tr\/wp-json\/wp\/v2\/comments?post=7491"}],"version-history":[{"count":3,"href":"https:\/\/pda-ag.ch\/tr\/wp-json\/wp\/v2\/pages\/7491\/revisions"}],"predecessor-version":[{"id":8155,"href":"https:\/\/pda-ag.ch\/tr\/wp-json\/wp\/v2\/pages\/7491\/revisions\/8155"}],"wp:attachment":[{"href":"https:\/\/pda-ag.ch\/tr\/wp-json\/wp\/v2\/media?parent=7491"}],"curies":[{"name":"wp","href":"https:\/\/api.w.org\/{rel}","templated":true}]}}