{"id":7507,"date":"2023-07-10T20:49:49","date_gmt":"2023-07-10T18:49:49","guid":{"rendered":"https:\/\/pda-ag.ch\/vetekuptimi-yne\/"},"modified":"2023-07-15T22:09:26","modified_gmt":"2023-07-15T20:09:26","slug":"vetekuptimi-yne","status":"publish","type":"page","link":"https:\/\/pda-ag.ch\/sq\/vetekuptimi-yne\/","title":{"rendered":"vet\u00ebkuptim"},"content":{"rendered":"\t\t<div data-elementor-type=\"wp-page\" data-elementor-id=\"7507\" class=\"elementor elementor-7507 elementor-7482\" data-elementor-post-type=\"page\">\n\t\t\t\t\t\t<section class=\"elementor-section elementor-top-section elementor-element elementor-element-72189c0 elementor-section-content-middle elementor-section-boxed elementor-section-height-default elementor-section-height-default\" data-id=\"72189c0\" data-element_type=\"section\">\n\t\t\t\t\t\t<div class=\"elementor-container elementor-column-gap-no\">\n\t\t\t\t\t<div class=\"elementor-column elementor-col-100 elementor-top-column elementor-element elementor-element-c57e0a6\" data-id=\"c57e0a6\" data-element_type=\"column\" data-settings=\"{&quot;background_background&quot;:&quot;classic&quot;}\">\n\t\t\t<div class=\"elementor-widget-wrap elementor-element-populated\">\n\t\t\t\t\t\t<div class=\"elementor-element elementor-element-91d3995 elementor-widget elementor-widget-heading\" data-id=\"91d3995\" data-element_type=\"widget\" data-widget_type=\"heading.default\">\n\t\t\t\t<div class=\"elementor-widget-container\">\n\t\t\t\t\t<p class=\"elementor-heading-title elementor-size-default\">N\u00eb m\u00ebnyr\u00eb q\u00eb di\u00e7ka t\u00eb zhvillohet p\u00ebr mir\u00eb, ne duhet ta marrim at\u00eb n\u00eb duart tona.<\/p>\t\t\t\t<\/div>\n\t\t\t\t<\/div>\n\t\t\t\t<div class=\"elementor-element elementor-element-ce88854 elementor-widget elementor-widget-heading\" data-id=\"ce88854\" data-element_type=\"widget\" data-widget_type=\"heading.default\">\n\t\t\t\t<div class=\"elementor-widget-container\">\n\t\t\t\t\t<p class=\"elementor-heading-title elementor-size-default\"><span style=\"color: #CCCC00;font-weight: bold\">Shum\u00eb shikojn\u00eb drejt mjeshtrave t\u00eb m\u00ebdhenj - plot shpresa t\u00eb rreme.<\/span> Ata i adhurojn\u00eb dhe i brohorasin, duke u besuar verb\u00ebrisht q\u00eb ta b\u00ebjn\u00eb bot\u00ebn m\u00eb t\u00eb mir\u00eb p\u00ebr ne.\n Dhe disa nga k\u00ebta t\u00eb m\u00ebdhenj fillimisht nuk kan\u00eb asgj\u00eb tjet\u00ebr n\u00eb mendje. Por sapo ka arritur maj\u00ebn, ai e sheh bot\u00ebn vet\u00ebm nga lart. Ai na sheh vet\u00ebm k\u00ebtu posht\u00eb, shum\u00eb t\u00eb vegj\u00ebl dhe t\u00eb turbullt. Jo, nuk mund t\u00eb jet\u00eb! Ne mund ta p\u00ebrmir\u00ebsojm\u00eb situat\u00ebn ton\u00eb vet\u00ebm vet\u00eb.<\/p>\t\t\t\t<\/div>\n\t\t\t\t<\/div>\n\t\t\t\t<div class=\"elementor-element elementor-element-a608f28 elementor-widget elementor-widget-heading\" data-id=\"a608f28\" data-element_type=\"widget\" data-widget_type=\"heading.default\">\n\t\t\t\t<div class=\"elementor-widget-container\">\n\t\t\t\t\t<p class=\"elementor-heading-title elementor-size-default\"><span style=\"color: #168C2E;font-weight: bold\">Ne jemi njer\u00ebz t\u00eb zakonsh\u00ebm q\u00eb punojn\u00eb - dhe ne duam t\u00eb q\u00ebndrojm\u00eb t\u00eb till\u00eb.<\/span> Ne i v\u00ebm\u00eb shum\u00eb pengesa abuzimit me pushtetin, p\u00ebr shembull me statutet tona, t\u00eb cilat bazohen n\u00eb demokracin\u00eb baz\u00eb, u japin zyrtar\u00ebve vet\u00ebm nj\u00eb mandat imperativ dhe k\u00ebrkojn\u00eb rotacion dhe kontribute t\u00eb detyrueshme. N\u00eb k\u00ebmbim, \u00e7do an\u00ebtar ka t\u00eb drejta t\u00eb gjera p\u00ebr t'u b\u00ebr\u00eb aktiv n\u00eb nj\u00eb m\u00ebnyr\u00eb t\u00eb vet\u00ebvendosur.<\/p>\t\t\t\t<\/div>\n\t\t\t\t<\/div>\n\t\t\t\t<div class=\"elementor-element elementor-element-5ab8ebf elementor-widget elementor-widget-heading\" data-id=\"5ab8ebf\" data-element_type=\"widget\" data-widget_type=\"heading.default\">\n\t\t\t\t<div class=\"elementor-widget-container\">\n\t\t\t\t\t<p class=\"elementor-heading-title elementor-size-default\"><span style=\"color: #E41B1D;font-weight: bold\">Puna e ndershme e \u00e7on bot\u00ebn p\u00ebrpara \u2013 p\u00ebr sa koh\u00eb q\u00eb nuk na shfryt\u00ebzon.<\/span> Dhe kjo, p\u00ebr fat t\u00eb keq, ndodh shum\u00eb shpesh sot: ata t\u00eb cil\u00ebve ne duhet t'u shesim fuqin\u00eb ton\u00eb t\u00eb pun\u00ebs, kryesisht p\u00ebrfitojn\u00eb nga frytet e pun\u00ebs son\u00eb. Kapitali i tyre po grumbullohet gjithnj\u00eb e m\u00eb shum\u00eb, duke u ngritur lart n\u00eb qiell. Nga atje lart ata shpallin mesazhin e tyre, i cili d\u00ebshiron t\u00eb na b\u00ebj\u00eb t\u00eb besojm\u00eb se kjo \u00ebsht\u00eb e gjitha p\u00ebr t\u00eb mir\u00ebn ton\u00eb. Jo nuk eshte. Ajo q\u00eb me t\u00eb v\u00ebrtet\u00eb na ndihmon \u00ebsht\u00eb kur fillojm\u00eb t\u00eb ndajm\u00eb n\u00eb solidaritet. Gjith\u00e7ka q\u00eb na nevojitet p\u00ebr t\u00eb punuar duhet t\u00eb na takoj\u00eb t\u00eb gjith\u00ebve, n\u00eb m\u00ebnyr\u00eb q\u00eb t\u00eb investojm\u00eb nj\u00eb tepric\u00eb n\u00eb at\u00eb m\u00ebnyr\u00eb q\u00eb t\u00eb nxjerrim di\u00e7ka prej saj.<\/p>\t\t\t\t<\/div>\n\t\t\t\t<\/div>\n\t\t\t\t\t<\/div>\n\t\t<\/div>\n\t\t\t\t\t<\/div>\n\t\t<\/section>\n\t\t\t\t<\/div>\n\t\t","protected":false},"excerpt":{"rendered":"<p>N\u00eb m\u00ebnyr\u00eb q\u00eb di\u00e7ka t\u00eb zhvillohet p\u00ebr mir\u00eb, ne duhet ta marrim at\u00eb n\u00eb duart tona. Shum\u00eb shikojn\u00eb drejt mjeshtrave t\u00eb m\u00ebdhenj &#8211; plot shpresa t\u00eb rreme. Ata i adhurojn\u00eb dhe i brohorasin, duke u besuar verb\u00ebrisht q\u00eb ta b\u00ebjn\u00eb bot\u00ebn m\u00eb t\u00eb mir\u00eb p\u00ebr ne. Dhe disa nga k\u00ebta t\u00eb m\u00ebdhenj fillimisht nuk kan\u00eb [&hellip;]<\/p>\n","protected":false},"author":1,"featured_media":0,"parent":0,"menu_order":0,"comment_status":"closed","ping_status":"closed","template":"elementor_header_footer","meta":{"footnotes":""},"class_list":["post-7507","page","type-page","status-publish","hentry"],"yoast_head":"<!-- This site is optimized with the Yoast SEO plugin v25.3.1 - https:\/\/yoast.com\/wordpress\/plugins\/seo\/ -->\n<title>vet\u00ebkuptim - PDA Aargau<\/title>\n<meta name=\"robots\" content=\"index, follow, max-snippet:-1, max-image-preview:large, max-video-preview:-1\" \/>\n<link rel=\"canonical\" href=\"https:\/\/pda-ag.ch\/sq\/vetekuptimi-yne\/\" \/>\n<meta property=\"og:locale\" content=\"sq_AL\" \/>\n<meta property=\"og:type\" content=\"article\" \/>\n<meta property=\"og:title\" content=\"vet\u00ebkuptim - PDA Aargau\" \/>\n<meta property=\"og:description\" content=\"N\u00eb m\u00ebnyr\u00eb q\u00eb di\u00e7ka t\u00eb zhvillohet p\u00ebr mir\u00eb, ne duhet ta marrim at\u00eb n\u00eb duart tona. Shum\u00eb shikojn\u00eb drejt mjeshtrave t\u00eb m\u00ebdhenj &#8211; plot shpresa t\u00eb rreme. Ata i adhurojn\u00eb dhe i brohorasin, duke u besuar verb\u00ebrisht q\u00eb ta b\u00ebjn\u00eb bot\u00ebn m\u00eb t\u00eb mir\u00eb p\u00ebr ne. Dhe disa nga k\u00ebta t\u00eb m\u00ebdhenj fillimisht nuk kan\u00eb [&hellip;]\" \/>\n<meta property=\"og:url\" content=\"https:\/\/pda-ag.ch\/sq\/vetekuptimi-yne\/\" \/>\n<meta property=\"og:site_name\" content=\"PDA Aargau\" \/>\n<meta property=\"article:publisher\" content=\"https:\/\/www.facebook.com\/pda.aargau\" \/>\n<meta property=\"article:modified_time\" content=\"2023-07-15T20:09:26+00:00\" \/>\n<meta name=\"twitter:card\" content=\"summary_large_image\" \/>\n<meta name=\"twitter:label1\" content=\"Est. reading time\" \/>\n\t<meta name=\"twitter:data1\" content=\"2 minutes\" \/>\n<script type=\"application\/ld+json\" class=\"yoast-schema-graph\">{\"@context\":\"https:\/\/schema.org\",\"@graph\":[{\"@type\":\"WebPage\",\"@id\":\"https:\/\/pda-ag.ch\/sq\/vetekuptimi-yne\/\",\"url\":\"https:\/\/pda-ag.ch\/sq\/vetekuptimi-yne\/\",\"name\":\"vet\u00ebkuptim - PDA Aargau\",\"isPartOf\":{\"@id\":\"https:\/\/pda-ag.ch\/sq\/#website\"},\"datePublished\":\"2023-07-10T18:49:49+00:00\",\"dateModified\":\"2023-07-15T20:09:26+00:00\",\"breadcrumb\":{\"@id\":\"https:\/\/pda-ag.ch\/sq\/vetekuptimi-yne\/#breadcrumb\"},\"inLanguage\":\"sq-AL\",\"potentialAction\":[{\"@type\":\"ReadAction\",\"target\":[\"https:\/\/pda-ag.ch\/sq\/vetekuptimi-yne\/\"]}]},{\"@type\":\"BreadcrumbList\",\"@id\":\"https:\/\/pda-ag.ch\/sq\/vetekuptimi-yne\/#breadcrumb\",\"itemListElement\":[{\"@type\":\"ListItem\",\"position\":1,\"name\":\"Home\",\"item\":\"https:\/\/pda-ag.ch\/sq\/home\/\"},{\"@type\":\"ListItem\",\"position\":2,\"name\":\"vet\u00ebkuptim\"}]},{\"@type\":\"WebSite\",\"@id\":\"https:\/\/pda-ag.ch\/sq\/#website\",\"url\":\"https:\/\/pda-ag.ch\/sq\/\",\"name\":\"PDA Aargau\",\"description\":\"\",\"publisher\":{\"@id\":\"https:\/\/pda-ag.ch\/sq\/#organization\"},\"potentialAction\":[{\"@type\":\"SearchAction\",\"target\":{\"@type\":\"EntryPoint\",\"urlTemplate\":\"https:\/\/pda-ag.ch\/sq\/?s={search_term_string}\"},\"query-input\":{\"@type\":\"PropertyValueSpecification\",\"valueRequired\":true,\"valueName\":\"search_term_string\"}}],\"inLanguage\":\"sq-AL\"},{\"@type\":\"Organization\",\"@id\":\"https:\/\/pda-ag.ch\/sq\/#organization\",\"name\":\"PDA Aargau\",\"url\":\"https:\/\/pda-ag.ch\/sq\/\",\"logo\":{\"@type\":\"ImageObject\",\"inLanguage\":\"sq-AL\",\"@id\":\"https:\/\/pda-ag.ch\/sq\/#\/schema\/logo\/image\/\",\"url\":\"https:\/\/pda-ag.ch\/wp-content\/uploads\/2021\/05\/photo_2021-03-14_19-57-07-e1617788004372.jpg\",\"contentUrl\":\"https:\/\/pda-ag.ch\/wp-content\/uploads\/2021\/05\/photo_2021-03-14_19-57-07-e1617788004372.jpg\",\"width\":814,\"height\":290,\"caption\":\"PDA Aargau\"},\"image\":{\"@id\":\"https:\/\/pda-ag.ch\/sq\/#\/schema\/logo\/image\/\"},\"sameAs\":[\"https:\/\/www.facebook.com\/pda.aargau\",\"https:\/\/www.instagram.com\/pdaaargau\/\",\"https:\/\/www.youtube.com\/channel\/UCLUB3blAFmqFiPAsBwx3oKQ\"]}]}<\/script>\n<!-- \/ Yoast SEO plugin. -->","yoast_head_json":{"title":"vet\u00ebkuptim - PDA Aargau","robots":{"index":"index","follow":"follow","max-snippet":"max-snippet:-1","max-image-preview":"max-image-preview:large","max-video-preview":"max-video-preview:-1"},"canonical":"https:\/\/pda-ag.ch\/sq\/vetekuptimi-yne\/","og_locale":"sq_AL","og_type":"article","og_title":"vet\u00ebkuptim - PDA Aargau","og_description":"N\u00eb m\u00ebnyr\u00eb q\u00eb di\u00e7ka t\u00eb zhvillohet p\u00ebr mir\u00eb, ne duhet ta marrim at\u00eb n\u00eb duart tona. Shum\u00eb shikojn\u00eb drejt mjeshtrave t\u00eb m\u00ebdhenj &#8211; plot shpresa t\u00eb rreme. Ata i adhurojn\u00eb dhe i brohorasin, duke u besuar verb\u00ebrisht q\u00eb ta b\u00ebjn\u00eb bot\u00ebn m\u00eb t\u00eb mir\u00eb p\u00ebr ne. Dhe disa nga k\u00ebta t\u00eb m\u00ebdhenj fillimisht nuk kan\u00eb [&hellip;]","og_url":"https:\/\/pda-ag.ch\/sq\/vetekuptimi-yne\/","og_site_name":"PDA Aargau","article_publisher":"https:\/\/www.facebook.com\/pda.aargau","article_modified_time":"2023-07-15T20:09:26+00:00","twitter_card":"summary_large_image","twitter_misc":{"Est. reading time":"2 minutes"},"schema":{"@context":"https:\/\/schema.org","@graph":[{"@type":"WebPage","@id":"https:\/\/pda-ag.ch\/sq\/vetekuptimi-yne\/","url":"https:\/\/pda-ag.ch\/sq\/vetekuptimi-yne\/","name":"vet\u00ebkuptim - PDA Aargau","isPartOf":{"@id":"https:\/\/pda-ag.ch\/sq\/#website"},"datePublished":"2023-07-10T18:49:49+00:00","dateModified":"2023-07-15T20:09:26+00:00","breadcrumb":{"@id":"https:\/\/pda-ag.ch\/sq\/vetekuptimi-yne\/#breadcrumb"},"inLanguage":"sq-AL","potentialAction":[{"@type":"ReadAction","target":["https:\/\/pda-ag.ch\/sq\/vetekuptimi-yne\/"]}]},{"@type":"BreadcrumbList","@id":"https:\/\/pda-ag.ch\/sq\/vetekuptimi-yne\/#breadcrumb","itemListElement":[{"@type":"ListItem","position":1,"name":"Home","item":"https:\/\/pda-ag.ch\/sq\/home\/"},{"@type":"ListItem","position":2,"name":"vet\u00ebkuptim"}]},{"@type":"WebSite","@id":"https:\/\/pda-ag.ch\/sq\/#website","url":"https:\/\/pda-ag.ch\/sq\/","name":"PDA Aargau","description":"","publisher":{"@id":"https:\/\/pda-ag.ch\/sq\/#organization"},"potentialAction":[{"@type":"SearchAction","target":{"@type":"EntryPoint","urlTemplate":"https:\/\/pda-ag.ch\/sq\/?s={search_term_string}"},"query-input":{"@type":"PropertyValueSpecification","valueRequired":true,"valueName":"search_term_string"}}],"inLanguage":"sq-AL"},{"@type":"Organization","@id":"https:\/\/pda-ag.ch\/sq\/#organization","name":"PDA Aargau","url":"https:\/\/pda-ag.ch\/sq\/","logo":{"@type":"ImageObject","inLanguage":"sq-AL","@id":"https:\/\/pda-ag.ch\/sq\/#\/schema\/logo\/image\/","url":"https:\/\/pda-ag.ch\/wp-content\/uploads\/2021\/05\/photo_2021-03-14_19-57-07-e1617788004372.jpg","contentUrl":"https:\/\/pda-ag.ch\/wp-content\/uploads\/2021\/05\/photo_2021-03-14_19-57-07-e1617788004372.jpg","width":814,"height":290,"caption":"PDA Aargau"},"image":{"@id":"https:\/\/pda-ag.ch\/sq\/#\/schema\/logo\/image\/"},"sameAs":["https:\/\/www.facebook.com\/pda.aargau","https:\/\/www.instagram.com\/pdaaargau\/","https:\/\/www.youtube.com\/channel\/UCLUB3blAFmqFiPAsBwx3oKQ"]}]}},"_links":{"self":[{"href":"https:\/\/pda-ag.ch\/sq\/wp-json\/wp\/v2\/pages\/7507","targetHints":{"allow":["GET"]}}],"collection":[{"href":"https:\/\/pda-ag.ch\/sq\/wp-json\/wp\/v2\/pages"}],"about":[{"href":"https:\/\/pda-ag.ch\/sq\/wp-json\/wp\/v2\/types\/page"}],"author":[{"embeddable":true,"href":"https:\/\/pda-ag.ch\/sq\/wp-json\/wp\/v2\/users\/1"}],"replies":[{"embeddable":true,"href":"https:\/\/pda-ag.ch\/sq\/wp-json\/wp\/v2\/comments?post=7507"}],"version-history":[{"count":5,"href":"https:\/\/pda-ag.ch\/sq\/wp-json\/wp\/v2\/pages\/7507\/revisions"}],"predecessor-version":[{"id":8147,"href":"https:\/\/pda-ag.ch\/sq\/wp-json\/wp\/v2\/pages\/7507\/revisions\/8147"}],"wp:attachment":[{"href":"https:\/\/pda-ag.ch\/sq\/wp-json\/wp\/v2\/media?parent=7507"}],"curies":[{"name":"wp","href":"https:\/\/api.w.org\/{rel}","templated":true}]}}