{"id":7503,"date":"2023-07-10T20:49:49","date_gmt":"2023-07-10T18:49:49","guid":{"rendered":"https:\/\/pda-ag.ch\/nossa-autocompreensao\/"},"modified":"2023-07-16T07:33:05","modified_gmt":"2023-07-16T05:33:05","slug":"nossa-autocompreensao","status":"publish","type":"page","link":"https:\/\/pda-ag.ch\/pt-pt\/nossa-autocompreensao\/","title":{"rendered":"autocompreens\u00e3o"},"content":{"rendered":"\t\t<div data-elementor-type=\"wp-page\" data-elementor-id=\"7503\" class=\"elementor elementor-7503 elementor-7482\" data-elementor-post-type=\"page\">\n\t\t\t\t\t\t<section class=\"elementor-section elementor-top-section elementor-element elementor-element-72189c0 elementor-section-content-middle elementor-section-boxed elementor-section-height-default elementor-section-height-default\" data-id=\"72189c0\" data-element_type=\"section\">\n\t\t\t\t\t\t<div class=\"elementor-container elementor-column-gap-no\">\n\t\t\t\t\t<div class=\"elementor-column elementor-col-100 elementor-top-column elementor-element elementor-element-c57e0a6\" data-id=\"c57e0a6\" data-element_type=\"column\" data-settings=\"{&quot;background_background&quot;:&quot;classic&quot;}\">\n\t\t\t<div class=\"elementor-widget-wrap elementor-element-populated\">\n\t\t\t\t\t\t<div class=\"elementor-element elementor-element-91d3995 elementor-widget elementor-widget-heading\" data-id=\"91d3995\" data-element_type=\"widget\" data-widget_type=\"heading.default\">\n\t\t\t\t<div class=\"elementor-widget-container\">\n\t\t\t\t\t<p class=\"elementor-heading-title elementor-size-default\">Para que algo se desenvolva para melhor, temos que tom\u00e1-lo em nossas pr\u00f3prias m\u00e3os.<\/p>\t\t\t\t<\/div>\n\t\t\t\t<\/div>\n\t\t\t\t<div class=\"elementor-element elementor-element-ce88854 elementor-widget elementor-widget-heading\" data-id=\"ce88854\" data-element_type=\"widget\" data-widget_type=\"heading.default\">\n\t\t\t\t<div class=\"elementor-widget-container\">\n\t\t\t\t\t<p class=\"elementor-heading-title elementor-size-default\"><span style=\"color: #CCCC00;font-weight: bold\">Muitos admiram grandes mestres - cheios de falsas esperan\u00e7as.<\/span> Eles os adoram e os animam, confiando cegamente neles para tornar o mundo melhor para n\u00f3s.\n E alguns desses grandes nomes inicialmente n\u00e3o t\u00eam mais nada em mente. Mas uma vez que chega ao topo, ele s\u00f3 v\u00ea o mundo de cima. Ele s\u00f3 nos v\u00ea aqui embaixo muito pequenos e emba\u00e7ados. N\u00e3o, n\u00e3o pode ser! S\u00f3 podemos melhorar nossa situa\u00e7\u00e3o n\u00f3s mesmos.<\/p>\t\t\t\t<\/div>\n\t\t\t\t<\/div>\n\t\t\t\t<div class=\"elementor-element elementor-element-a608f28 elementor-widget elementor-widget-heading\" data-id=\"a608f28\" data-element_type=\"widget\" data-widget_type=\"heading.default\">\n\t\t\t\t<div class=\"elementor-widget-container\">\n\t\t\t\t\t<p class=\"elementor-heading-title elementor-size-default\"><span style=\"color: #168C2E;font-weight: bold\">Somos trabalhadores comuns - e queremos continuar assim.<\/span> Colocamos muitos obst\u00e1culos ao abuso de poder, por exemplo com os nossos estatutos, que se baseiam na democracia de base, d\u00e3o aos funcion\u00e1rios apenas um mandato imperativo e exigem rotatividade e contribui\u00e7\u00f5es obrigat\u00f3rias. Em troca, cada membro tem amplos direitos de se tornar ativo de maneira autodeterminada.<\/p>\t\t\t\t<\/div>\n\t\t\t\t<\/div>\n\t\t\t\t<div class=\"elementor-element elementor-element-5ab8ebf elementor-widget elementor-widget-heading\" data-id=\"5ab8ebf\" data-element_type=\"widget\" data-widget_type=\"heading.default\">\n\t\t\t\t<div class=\"elementor-widget-container\">\n\t\t\t\t\t<p class=\"elementor-heading-title elementor-size-default\"><span style=\"color: #E41B1D;font-weight: bold\">O trabalho honesto faz o mundo avan\u00e7ar \u2013 desde que n\u00e3o nos explore.<\/span> E isso infelizmente \u00e9 muito frequente hoje: aqueles a quem temos que vender nossa for\u00e7a de trabalho se beneficiam principalmente dos frutos de nosso trabalho. Seu capital est\u00e1 se acumulando cada vez mais, elevando-se alto no c\u00e9u. L\u00e1 de cima eles anunciam sua mensagem, que quer nos fazer acreditar que tudo isso \u00e9 para o nosso bem. N\u00e3o, n\u00e3o \u00e9. O que realmente nos ajuda \u00e9 quando come\u00e7amos a compartilhar em solidariedade. Tudo o que precisamos para trabalhar tamb\u00e9m deve pertencer a todos n\u00f3s, para que possamos investir um excedente de forma a obter algo com isso.<\/p>\t\t\t\t<\/div>\n\t\t\t\t<\/div>\n\t\t\t\t\t<\/div>\n\t\t<\/div>\n\t\t\t\t\t<\/div>\n\t\t<\/section>\n\t\t\t\t<\/div>\n\t\t","protected":false},"excerpt":{"rendered":"<p>Para que algo se desenvolva para melhor, temos que tom\u00e1-lo em nossas pr\u00f3prias m\u00e3os. Muitos admiram grandes mestres &#8211; cheios de falsas esperan\u00e7as. Eles os adoram e os animam, confiando cegamente neles para tornar o mundo melhor para n\u00f3s. E alguns desses grandes nomes inicialmente n\u00e3o t\u00eam mais nada em mente. Mas uma vez que [&hellip;]<\/p>\n","protected":false},"author":1,"featured_media":0,"parent":0,"menu_order":0,"comment_status":"closed","ping_status":"closed","template":"elementor_header_footer","meta":{"footnotes":""},"class_list":["post-7503","page","type-page","status-publish","hentry"],"yoast_head":"<!-- This site is optimized with the Yoast SEO plugin v25.3.1 - https:\/\/yoast.com\/wordpress\/plugins\/seo\/ -->\n<title>autocompreens\u00e3o - PDA Aargau<\/title>\n<meta name=\"robots\" content=\"index, follow, max-snippet:-1, max-image-preview:large, max-video-preview:-1\" \/>\n<link rel=\"canonical\" href=\"https:\/\/pda-ag.ch\/pt-pt\/nossa-autocompreensao\/\" \/>\n<meta property=\"og:locale\" content=\"pt_PT\" \/>\n<meta property=\"og:type\" content=\"article\" \/>\n<meta property=\"og:title\" content=\"autocompreens\u00e3o - PDA Aargau\" \/>\n<meta property=\"og:description\" content=\"Para que algo se desenvolva para melhor, temos que tom\u00e1-lo em nossas pr\u00f3prias m\u00e3os. Muitos admiram grandes mestres &#8211; cheios de falsas esperan\u00e7as. Eles os adoram e os animam, confiando cegamente neles para tornar o mundo melhor para n\u00f3s. E alguns desses grandes nomes inicialmente n\u00e3o t\u00eam mais nada em mente. Mas uma vez que [&hellip;]\" \/>\n<meta property=\"og:url\" content=\"https:\/\/pda-ag.ch\/pt-pt\/nossa-autocompreensao\/\" \/>\n<meta property=\"og:site_name\" content=\"PDA Aargau\" \/>\n<meta property=\"article:publisher\" content=\"https:\/\/www.facebook.com\/pda.aargau\" \/>\n<meta property=\"article:modified_time\" content=\"2023-07-16T05:33:05+00:00\" \/>\n<meta name=\"twitter:card\" content=\"summary_large_image\" \/>\n<meta name=\"twitter:label1\" content=\"Est. reading time\" \/>\n\t<meta name=\"twitter:data1\" content=\"1 minute\" \/>\n<script type=\"application\/ld+json\" class=\"yoast-schema-graph\">{\"@context\":\"https:\/\/schema.org\",\"@graph\":[{\"@type\":\"WebPage\",\"@id\":\"https:\/\/pda-ag.ch\/pt-pt\/nossa-autocompreensao\/\",\"url\":\"https:\/\/pda-ag.ch\/pt-pt\/nossa-autocompreensao\/\",\"name\":\"autocompreens\u00e3o - PDA Aargau\",\"isPartOf\":{\"@id\":\"https:\/\/pda-ag.ch\/pt-pt\/#website\"},\"datePublished\":\"2023-07-10T18:49:49+00:00\",\"dateModified\":\"2023-07-16T05:33:05+00:00\",\"breadcrumb\":{\"@id\":\"https:\/\/pda-ag.ch\/pt-pt\/nossa-autocompreensao\/#breadcrumb\"},\"inLanguage\":\"pt-PT\",\"potentialAction\":[{\"@type\":\"ReadAction\",\"target\":[\"https:\/\/pda-ag.ch\/pt-pt\/nossa-autocompreensao\/\"]}]},{\"@type\":\"BreadcrumbList\",\"@id\":\"https:\/\/pda-ag.ch\/pt-pt\/nossa-autocompreensao\/#breadcrumb\",\"itemListElement\":[{\"@type\":\"ListItem\",\"position\":1,\"name\":\"Home\",\"item\":\"https:\/\/pda-ag.ch\/pt-pt\/casa\/\"},{\"@type\":\"ListItem\",\"position\":2,\"name\":\"autocompreens\u00e3o\"}]},{\"@type\":\"WebSite\",\"@id\":\"https:\/\/pda-ag.ch\/pt-pt\/#website\",\"url\":\"https:\/\/pda-ag.ch\/pt-pt\/\",\"name\":\"PDA Aargau\",\"description\":\"\",\"publisher\":{\"@id\":\"https:\/\/pda-ag.ch\/pt-pt\/#organization\"},\"potentialAction\":[{\"@type\":\"SearchAction\",\"target\":{\"@type\":\"EntryPoint\",\"urlTemplate\":\"https:\/\/pda-ag.ch\/pt-pt\/?s={search_term_string}\"},\"query-input\":{\"@type\":\"PropertyValueSpecification\",\"valueRequired\":true,\"valueName\":\"search_term_string\"}}],\"inLanguage\":\"pt-PT\"},{\"@type\":\"Organization\",\"@id\":\"https:\/\/pda-ag.ch\/pt-pt\/#organization\",\"name\":\"PDA Aargau\",\"url\":\"https:\/\/pda-ag.ch\/pt-pt\/\",\"logo\":{\"@type\":\"ImageObject\",\"inLanguage\":\"pt-PT\",\"@id\":\"https:\/\/pda-ag.ch\/pt-pt\/#\/schema\/logo\/image\/\",\"url\":\"https:\/\/pda-ag.ch\/wp-content\/uploads\/2021\/05\/photo_2021-03-14_19-57-07-e1617788004372.jpg\",\"contentUrl\":\"https:\/\/pda-ag.ch\/wp-content\/uploads\/2021\/05\/photo_2021-03-14_19-57-07-e1617788004372.jpg\",\"width\":814,\"height\":290,\"caption\":\"PDA Aargau\"},\"image\":{\"@id\":\"https:\/\/pda-ag.ch\/pt-pt\/#\/schema\/logo\/image\/\"},\"sameAs\":[\"https:\/\/www.facebook.com\/pda.aargau\",\"https:\/\/www.instagram.com\/pdaaargau\/\",\"https:\/\/www.youtube.com\/channel\/UCLUB3blAFmqFiPAsBwx3oKQ\"]}]}<\/script>\n<!-- \/ Yoast SEO plugin. -->","yoast_head_json":{"title":"autocompreens\u00e3o - PDA Aargau","robots":{"index":"index","follow":"follow","max-snippet":"max-snippet:-1","max-image-preview":"max-image-preview:large","max-video-preview":"max-video-preview:-1"},"canonical":"https:\/\/pda-ag.ch\/pt-pt\/nossa-autocompreensao\/","og_locale":"pt_PT","og_type":"article","og_title":"autocompreens\u00e3o - PDA Aargau","og_description":"Para que algo se desenvolva para melhor, temos que tom\u00e1-lo em nossas pr\u00f3prias m\u00e3os. Muitos admiram grandes mestres &#8211; cheios de falsas esperan\u00e7as. Eles os adoram e os animam, confiando cegamente neles para tornar o mundo melhor para n\u00f3s. E alguns desses grandes nomes inicialmente n\u00e3o t\u00eam mais nada em mente. Mas uma vez que [&hellip;]","og_url":"https:\/\/pda-ag.ch\/pt-pt\/nossa-autocompreensao\/","og_site_name":"PDA Aargau","article_publisher":"https:\/\/www.facebook.com\/pda.aargau","article_modified_time":"2023-07-16T05:33:05+00:00","twitter_card":"summary_large_image","twitter_misc":{"Est. reading time":"1 minute"},"schema":{"@context":"https:\/\/schema.org","@graph":[{"@type":"WebPage","@id":"https:\/\/pda-ag.ch\/pt-pt\/nossa-autocompreensao\/","url":"https:\/\/pda-ag.ch\/pt-pt\/nossa-autocompreensao\/","name":"autocompreens\u00e3o - PDA Aargau","isPartOf":{"@id":"https:\/\/pda-ag.ch\/pt-pt\/#website"},"datePublished":"2023-07-10T18:49:49+00:00","dateModified":"2023-07-16T05:33:05+00:00","breadcrumb":{"@id":"https:\/\/pda-ag.ch\/pt-pt\/nossa-autocompreensao\/#breadcrumb"},"inLanguage":"pt-PT","potentialAction":[{"@type":"ReadAction","target":["https:\/\/pda-ag.ch\/pt-pt\/nossa-autocompreensao\/"]}]},{"@type":"BreadcrumbList","@id":"https:\/\/pda-ag.ch\/pt-pt\/nossa-autocompreensao\/#breadcrumb","itemListElement":[{"@type":"ListItem","position":1,"name":"Home","item":"https:\/\/pda-ag.ch\/pt-pt\/casa\/"},{"@type":"ListItem","position":2,"name":"autocompreens\u00e3o"}]},{"@type":"WebSite","@id":"https:\/\/pda-ag.ch\/pt-pt\/#website","url":"https:\/\/pda-ag.ch\/pt-pt\/","name":"PDA Aargau","description":"","publisher":{"@id":"https:\/\/pda-ag.ch\/pt-pt\/#organization"},"potentialAction":[{"@type":"SearchAction","target":{"@type":"EntryPoint","urlTemplate":"https:\/\/pda-ag.ch\/pt-pt\/?s={search_term_string}"},"query-input":{"@type":"PropertyValueSpecification","valueRequired":true,"valueName":"search_term_string"}}],"inLanguage":"pt-PT"},{"@type":"Organization","@id":"https:\/\/pda-ag.ch\/pt-pt\/#organization","name":"PDA Aargau","url":"https:\/\/pda-ag.ch\/pt-pt\/","logo":{"@type":"ImageObject","inLanguage":"pt-PT","@id":"https:\/\/pda-ag.ch\/pt-pt\/#\/schema\/logo\/image\/","url":"https:\/\/pda-ag.ch\/wp-content\/uploads\/2021\/05\/photo_2021-03-14_19-57-07-e1617788004372.jpg","contentUrl":"https:\/\/pda-ag.ch\/wp-content\/uploads\/2021\/05\/photo_2021-03-14_19-57-07-e1617788004372.jpg","width":814,"height":290,"caption":"PDA Aargau"},"image":{"@id":"https:\/\/pda-ag.ch\/pt-pt\/#\/schema\/logo\/image\/"},"sameAs":["https:\/\/www.facebook.com\/pda.aargau","https:\/\/www.instagram.com\/pdaaargau\/","https:\/\/www.youtube.com\/channel\/UCLUB3blAFmqFiPAsBwx3oKQ"]}]}},"_links":{"self":[{"href":"https:\/\/pda-ag.ch\/pt-pt\/wp-json\/wp\/v2\/pages\/7503","targetHints":{"allow":["GET"]}}],"collection":[{"href":"https:\/\/pda-ag.ch\/pt-pt\/wp-json\/wp\/v2\/pages"}],"about":[{"href":"https:\/\/pda-ag.ch\/pt-pt\/wp-json\/wp\/v2\/types\/page"}],"author":[{"embeddable":true,"href":"https:\/\/pda-ag.ch\/pt-pt\/wp-json\/wp\/v2\/users\/1"}],"replies":[{"embeddable":true,"href":"https:\/\/pda-ag.ch\/pt-pt\/wp-json\/wp\/v2\/comments?post=7503"}],"version-history":[{"count":3,"href":"https:\/\/pda-ag.ch\/pt-pt\/wp-json\/wp\/v2\/pages\/7503\/revisions"}],"predecessor-version":[{"id":8161,"href":"https:\/\/pda-ag.ch\/pt-pt\/wp-json\/wp\/v2\/pages\/7503\/revisions\/8161"}],"wp:attachment":[{"href":"https:\/\/pda-ag.ch\/pt-pt\/wp-json\/wp\/v2\/media?parent=7503"}],"curies":[{"name":"wp","href":"https:\/\/api.w.org\/{rel}","templated":true}]}}