{"id":7505,"date":"2023-07-10T20:49:49","date_gmt":"2023-07-10T18:49:49","guid":{"rendered":"https:\/\/pda-ag.ch\/xwe-femkirina-me\/"},"modified":"2023-07-16T07:30:21","modified_gmt":"2023-07-16T05:30:21","slug":"xwe-femkirina-me","status":"publish","type":"page","link":"https:\/\/pda-ag.ch\/ku\/xwe-femkirina-me\/","title":{"rendered":"xwe t\u00eagihi\u015ftin"},"content":{"rendered":"\t\t<div data-elementor-type=\"wp-page\" data-elementor-id=\"7505\" class=\"elementor elementor-7505 elementor-7482\" data-elementor-post-type=\"page\">\n\t\t\t\t\t\t<section class=\"elementor-section elementor-top-section elementor-element elementor-element-72189c0 elementor-section-content-middle elementor-section-boxed elementor-section-height-default elementor-section-height-default\" data-id=\"72189c0\" data-element_type=\"section\">\n\t\t\t\t\t\t<div class=\"elementor-container elementor-column-gap-no\">\n\t\t\t\t\t<div class=\"elementor-column elementor-col-100 elementor-top-column elementor-element elementor-element-c57e0a6\" data-id=\"c57e0a6\" data-element_type=\"column\" data-settings=\"{&quot;background_background&quot;:&quot;classic&quot;}\">\n\t\t\t<div class=\"elementor-widget-wrap elementor-element-populated\">\n\t\t\t\t\t\t<div class=\"elementor-element elementor-element-91d3995 elementor-widget elementor-widget-heading\" data-id=\"91d3995\" data-element_type=\"widget\" data-widget_type=\"heading.default\">\n\t\t\t\t<div class=\"elementor-widget-container\">\n\t\t\t\t\t<p class=\"elementor-heading-title elementor-size-default\">Ji bo ku ti\u015ftek ber bi ba\u015fiy\u00ea ve bi p\u00ea\u015f bikeve, div\u00ea em w\u00ea bixin dest\u00ean xwe.<\/p>\t\t\t\t<\/div>\n\t\t\t\t<\/div>\n\t\t\t\t<div class=\"elementor-element elementor-element-ce88854 elementor-widget elementor-widget-heading\" data-id=\"ce88854\" data-element_type=\"widget\" data-widget_type=\"heading.default\">\n\t\t\t\t<div class=\"elementor-widget-container\">\n\t\t\t\t\t<p class=\"elementor-heading-title elementor-size-default\"><span style=\"color: #CCCC00;font-weight: bold\">Pir kes \u00e7av li axay\u00ean mezin dikin - tij\u00ee h\u00eaviy\u00ean derew\u00een.<\/span> Ew diperizin wan \u00fb wan dil\u015fad dikin, bi kord bawer dikin ku dinya ji me re \u00e7\u00eatir bikin.\n \u00db hinek ji van mezinan di destp\u00eak\u00ea de ti\u015ftek din di hi\u015f\u00ea xwe de tune. L\u00ea gava ku ew gih\u00ee\u015ftiye jor, ten\u00ea ji jor ve c\u00eehan\u00ea dib\u00eene. Ew ten\u00ea me li vir pir pi\u00e7\u00fbk \u00fb nezelal dib\u00eene. Na, nabe! Em ten\u00ea dikarin bi xwe rew\u015fa xwe ba\u015ftir bikin.<\/p>\t\t\t\t<\/div>\n\t\t\t\t<\/div>\n\t\t\t\t<div class=\"elementor-element elementor-element-a608f28 elementor-widget elementor-widget-heading\" data-id=\"a608f28\" data-element_type=\"widget\" data-widget_type=\"heading.default\">\n\t\t\t\t<div class=\"elementor-widget-container\">\n\t\t\t\t\t<p class=\"elementor-heading-title elementor-size-default\"><span style=\"color: #168C2E;font-weight: bold\">Em mirov\u00ean xebatkar \u00ean asay\u00ee ne - \u00fb em dixwazin wusa bim\u00eenin.<\/span> Em gelek astengan dat\u00eenin p\u00ea\u015fiya destav\u00eatina desthilat\u00ea, wek m\u00eenak bi qan\u00fbn\u00ean xwe y\u00ean ku li ser bingeha demokrasiya gelemper\u00ee hatine damezrandin, ten\u00ea erkek ferz dide karmendan \u00fb daxwaza dorveger \u00fb be\u015f\u00ean mecb\u00fbr\u00ee dikin. Di berd\u00eala w\u00ea de, her endam xwed\u00ee maf\u00ean pir d\u00fbr e ku bi rengek\u00ee xweser \u00e7alak bibe.<\/p>\t\t\t\t<\/div>\n\t\t\t\t<\/div>\n\t\t\t\t<div class=\"elementor-element elementor-element-5ab8ebf elementor-widget elementor-widget-heading\" data-id=\"5ab8ebf\" data-element_type=\"widget\" data-widget_type=\"heading.default\">\n\t\t\t\t<div class=\"elementor-widget-container\">\n\t\t\t\t\t<p class=\"elementor-heading-title elementor-size-default\"><span style=\"color: #E41B1D;font-weight: bold\">Kar\u00ea dilpak c\u00eehan\u00ea ber bi p\u00ea\u015f ve diki\u015f\u00eene \u2013 heya ku me \u00eestismar neke.<\/span> \u00db mixabin \u00eero pir caran wisa ye: y\u00ean ku div\u00ea em h\u00eaza xwe ya ked\u00ea bifiro\u015fin wan, di ser\u00ee de ji f\u00eakiy\u00ean keda xwe s\u00fbd werdigirin. Paytexta wan her ku di\u00e7e z\u00eade dibe, ber bi ezm\u00ean ve bilind dibe. Ji jor ve ew peyama xwe radigih\u00eenin, ku dixwazin me bawer bikin ku ev hem\u00ee ji bo qenciya me ye. Na, ne wisa ye. Ya ku bi rast\u00ee ji me re dibe al\u00eekar ev e ku gava em dest bi hevgirtin\u00ea dikin. Her ti\u015ft\u00ea ku em hewce dikin ku em bixebitin j\u00ee div\u00ea a\u00eed\u00ea me hem\u00fbyan be, da ku em bikarin z\u00eadegaviyek bi v\u00ee reng\u00ee veberh\u00eanan bikin ku em ti\u015ftek j\u00ea bist\u00eenin.<\/p>\t\t\t\t<\/div>\n\t\t\t\t<\/div>\n\t\t\t\t\t<\/div>\n\t\t<\/div>\n\t\t\t\t\t<\/div>\n\t\t<\/section>\n\t\t\t\t<\/div>\n\t\t","protected":false},"excerpt":{"rendered":"<p>Ji bo ku ti\u015ftek ber bi ba\u015fiy\u00ea ve bi p\u00ea\u015f bikeve, div\u00ea em w\u00ea bixin dest\u00ean xwe. Pir kes \u00e7av li axay\u00ean mezin dikin &#8211; tij\u00ee h\u00eaviy\u00ean derew\u00een. Ew diperizin wan \u00fb wan dil\u015fad dikin, bi kord bawer dikin ku dinya ji me re \u00e7\u00eatir bikin. \u00db hinek ji van mezinan di destp\u00eak\u00ea de ti\u015ftek [&hellip;]<\/p>\n","protected":false},"author":1,"featured_media":0,"parent":0,"menu_order":0,"comment_status":"closed","ping_status":"closed","template":"elementor_header_footer","meta":{"footnotes":""},"class_list":["post-7505","page","type-page","status-publish","hentry"],"yoast_head":"<!-- This site is optimized with the Yoast SEO plugin v25.3.1 - https:\/\/yoast.com\/wordpress\/plugins\/seo\/ -->\n<title>xwe t\u00eagihi\u015ftin - PDA Aargau<\/title>\n<meta name=\"robots\" content=\"index, follow, max-snippet:-1, max-image-preview:large, max-video-preview:-1\" \/>\n<link rel=\"canonical\" href=\"https:\/\/pda-ag.ch\/ku\/xwe-femkirina-me\/\" \/>\n<meta property=\"og:locale\" content=\"en_US\" \/>\n<meta property=\"og:type\" content=\"article\" \/>\n<meta property=\"og:title\" content=\"xwe t\u00eagihi\u015ftin - PDA Aargau\" \/>\n<meta property=\"og:description\" content=\"Ji bo ku ti\u015ftek ber bi ba\u015fiy\u00ea ve bi p\u00ea\u015f bikeve, div\u00ea em w\u00ea bixin dest\u00ean xwe. Pir kes \u00e7av li axay\u00ean mezin dikin &#8211; tij\u00ee h\u00eaviy\u00ean derew\u00een. Ew diperizin wan \u00fb wan dil\u015fad dikin, bi kord bawer dikin ku dinya ji me re \u00e7\u00eatir bikin. \u00db hinek ji van mezinan di destp\u00eak\u00ea de ti\u015ftek [&hellip;]\" \/>\n<meta property=\"og:url\" content=\"https:\/\/pda-ag.ch\/ku\/xwe-femkirina-me\/\" \/>\n<meta property=\"og:site_name\" content=\"PDA Aargau\" \/>\n<meta property=\"article:publisher\" content=\"https:\/\/www.facebook.com\/pda.aargau\" \/>\n<meta property=\"article:modified_time\" content=\"2023-07-16T05:30:21+00:00\" \/>\n<meta name=\"twitter:card\" content=\"summary_large_image\" \/>\n<meta name=\"twitter:label1\" content=\"Est. reading time\" \/>\n\t<meta name=\"twitter:data1\" content=\"2 minutes\" \/>\n<script type=\"application\/ld+json\" class=\"yoast-schema-graph\">{\"@context\":\"https:\/\/schema.org\",\"@graph\":[{\"@type\":\"WebPage\",\"@id\":\"https:\/\/pda-ag.ch\/ku\/xwe-femkirina-me\/\",\"url\":\"https:\/\/pda-ag.ch\/ku\/xwe-femkirina-me\/\",\"name\":\"xwe t\u00eagihi\u015ftin - PDA Aargau\",\"isPartOf\":{\"@id\":\"https:\/\/pda-ag.ch\/ku\/#website\"},\"datePublished\":\"2023-07-10T18:49:49+00:00\",\"dateModified\":\"2023-07-16T05:30:21+00:00\",\"breadcrumb\":{\"@id\":\"https:\/\/pda-ag.ch\/ku\/xwe-femkirina-me\/#breadcrumb\"},\"inLanguage\":\"ckb\",\"potentialAction\":[{\"@type\":\"ReadAction\",\"target\":[\"https:\/\/pda-ag.ch\/ku\/xwe-femkirina-me\/\"]}]},{\"@type\":\"BreadcrumbList\",\"@id\":\"https:\/\/pda-ag.ch\/ku\/xwe-femkirina-me\/#breadcrumb\",\"itemListElement\":[{\"@type\":\"ListItem\",\"position\":1,\"name\":\"Home\",\"item\":\"https:\/\/pda-ag.ch\/ku\/xane\/\"},{\"@type\":\"ListItem\",\"position\":2,\"name\":\"xwe t\u00eagihi\u015ftin\"}]},{\"@type\":\"WebSite\",\"@id\":\"https:\/\/pda-ag.ch\/ku\/#website\",\"url\":\"https:\/\/pda-ag.ch\/ku\/\",\"name\":\"PDA Aargau\",\"description\":\"\",\"publisher\":{\"@id\":\"https:\/\/pda-ag.ch\/ku\/#organization\"},\"potentialAction\":[{\"@type\":\"SearchAction\",\"target\":{\"@type\":\"EntryPoint\",\"urlTemplate\":\"https:\/\/pda-ag.ch\/ku\/?s={search_term_string}\"},\"query-input\":{\"@type\":\"PropertyValueSpecification\",\"valueRequired\":true,\"valueName\":\"search_term_string\"}}],\"inLanguage\":\"ckb\"},{\"@type\":\"Organization\",\"@id\":\"https:\/\/pda-ag.ch\/ku\/#organization\",\"name\":\"PDA Aargau\",\"url\":\"https:\/\/pda-ag.ch\/ku\/\",\"logo\":{\"@type\":\"ImageObject\",\"inLanguage\":\"ckb\",\"@id\":\"https:\/\/pda-ag.ch\/ku\/#\/schema\/logo\/image\/\",\"url\":\"https:\/\/pda-ag.ch\/wp-content\/uploads\/2021\/05\/photo_2021-03-14_19-57-07-e1617788004372.jpg\",\"contentUrl\":\"https:\/\/pda-ag.ch\/wp-content\/uploads\/2021\/05\/photo_2021-03-14_19-57-07-e1617788004372.jpg\",\"width\":814,\"height\":290,\"caption\":\"PDA Aargau\"},\"image\":{\"@id\":\"https:\/\/pda-ag.ch\/ku\/#\/schema\/logo\/image\/\"},\"sameAs\":[\"https:\/\/www.facebook.com\/pda.aargau\",\"https:\/\/www.instagram.com\/pdaaargau\/\",\"https:\/\/www.youtube.com\/channel\/UCLUB3blAFmqFiPAsBwx3oKQ\"]}]}<\/script>\n<!-- \/ Yoast SEO plugin. -->","yoast_head_json":{"title":"xwe t\u00eagihi\u015ftin - PDA Aargau","robots":{"index":"index","follow":"follow","max-snippet":"max-snippet:-1","max-image-preview":"max-image-preview:large","max-video-preview":"max-video-preview:-1"},"canonical":"https:\/\/pda-ag.ch\/ku\/xwe-femkirina-me\/","og_locale":"en_US","og_type":"article","og_title":"xwe t\u00eagihi\u015ftin - PDA Aargau","og_description":"Ji bo ku ti\u015ftek ber bi ba\u015fiy\u00ea ve bi p\u00ea\u015f bikeve, div\u00ea em w\u00ea bixin dest\u00ean xwe. Pir kes \u00e7av li axay\u00ean mezin dikin &#8211; tij\u00ee h\u00eaviy\u00ean derew\u00een. Ew diperizin wan \u00fb wan dil\u015fad dikin, bi kord bawer dikin ku dinya ji me re \u00e7\u00eatir bikin. \u00db hinek ji van mezinan di destp\u00eak\u00ea de ti\u015ftek [&hellip;]","og_url":"https:\/\/pda-ag.ch\/ku\/xwe-femkirina-me\/","og_site_name":"PDA Aargau","article_publisher":"https:\/\/www.facebook.com\/pda.aargau","article_modified_time":"2023-07-16T05:30:21+00:00","twitter_card":"summary_large_image","twitter_misc":{"Est. reading time":"2 minutes"},"schema":{"@context":"https:\/\/schema.org","@graph":[{"@type":"WebPage","@id":"https:\/\/pda-ag.ch\/ku\/xwe-femkirina-me\/","url":"https:\/\/pda-ag.ch\/ku\/xwe-femkirina-me\/","name":"xwe t\u00eagihi\u015ftin - PDA Aargau","isPartOf":{"@id":"https:\/\/pda-ag.ch\/ku\/#website"},"datePublished":"2023-07-10T18:49:49+00:00","dateModified":"2023-07-16T05:30:21+00:00","breadcrumb":{"@id":"https:\/\/pda-ag.ch\/ku\/xwe-femkirina-me\/#breadcrumb"},"inLanguage":"ckb","potentialAction":[{"@type":"ReadAction","target":["https:\/\/pda-ag.ch\/ku\/xwe-femkirina-me\/"]}]},{"@type":"BreadcrumbList","@id":"https:\/\/pda-ag.ch\/ku\/xwe-femkirina-me\/#breadcrumb","itemListElement":[{"@type":"ListItem","position":1,"name":"Home","item":"https:\/\/pda-ag.ch\/ku\/xane\/"},{"@type":"ListItem","position":2,"name":"xwe t\u00eagihi\u015ftin"}]},{"@type":"WebSite","@id":"https:\/\/pda-ag.ch\/ku\/#website","url":"https:\/\/pda-ag.ch\/ku\/","name":"PDA Aargau","description":"","publisher":{"@id":"https:\/\/pda-ag.ch\/ku\/#organization"},"potentialAction":[{"@type":"SearchAction","target":{"@type":"EntryPoint","urlTemplate":"https:\/\/pda-ag.ch\/ku\/?s={search_term_string}"},"query-input":{"@type":"PropertyValueSpecification","valueRequired":true,"valueName":"search_term_string"}}],"inLanguage":"ckb"},{"@type":"Organization","@id":"https:\/\/pda-ag.ch\/ku\/#organization","name":"PDA Aargau","url":"https:\/\/pda-ag.ch\/ku\/","logo":{"@type":"ImageObject","inLanguage":"ckb","@id":"https:\/\/pda-ag.ch\/ku\/#\/schema\/logo\/image\/","url":"https:\/\/pda-ag.ch\/wp-content\/uploads\/2021\/05\/photo_2021-03-14_19-57-07-e1617788004372.jpg","contentUrl":"https:\/\/pda-ag.ch\/wp-content\/uploads\/2021\/05\/photo_2021-03-14_19-57-07-e1617788004372.jpg","width":814,"height":290,"caption":"PDA Aargau"},"image":{"@id":"https:\/\/pda-ag.ch\/ku\/#\/schema\/logo\/image\/"},"sameAs":["https:\/\/www.facebook.com\/pda.aargau","https:\/\/www.instagram.com\/pdaaargau\/","https:\/\/www.youtube.com\/channel\/UCLUB3blAFmqFiPAsBwx3oKQ"]}]}},"_links":{"self":[{"href":"https:\/\/pda-ag.ch\/ku\/wp-json\/wp\/v2\/pages\/7505","targetHints":{"allow":["GET"]}}],"collection":[{"href":"https:\/\/pda-ag.ch\/ku\/wp-json\/wp\/v2\/pages"}],"about":[{"href":"https:\/\/pda-ag.ch\/ku\/wp-json\/wp\/v2\/types\/page"}],"author":[{"embeddable":true,"href":"https:\/\/pda-ag.ch\/ku\/wp-json\/wp\/v2\/users\/1"}],"replies":[{"embeddable":true,"href":"https:\/\/pda-ag.ch\/ku\/wp-json\/wp\/v2\/comments?post=7505"}],"version-history":[{"count":3,"href":"https:\/\/pda-ag.ch\/ku\/wp-json\/wp\/v2\/pages\/7505\/revisions"}],"predecessor-version":[{"id":8159,"href":"https:\/\/pda-ag.ch\/ku\/wp-json\/wp\/v2\/pages\/7505\/revisions\/8159"}],"wp:attachment":[{"href":"https:\/\/pda-ag.ch\/ku\/wp-json\/wp\/v2\/media?parent=7505"}],"curies":[{"name":"wp","href":"https:\/\/api.w.org\/{rel}","templated":true}]}}