{"id":7497,"date":"2023-07-10T20:49:49","date_gmt":"2023-07-10T18:49:49","guid":{"rendered":"https:\/\/pda-ag.ch\/nuestra-autocomprension\/"},"modified":"2023-07-16T07:42:12","modified_gmt":"2023-07-16T05:42:12","slug":"nuestra-autocomprension","status":"publish","type":"page","link":"https:\/\/pda-ag.ch\/es\/nuestra-autocomprension\/","title":{"rendered":"autocomprensi\u00f3n"},"content":{"rendered":"\t\t<div data-elementor-type=\"wp-page\" data-elementor-id=\"7497\" class=\"elementor elementor-7497 elementor-7482\" data-elementor-post-type=\"page\">\n\t\t\t\t\t\t<section class=\"elementor-section elementor-top-section elementor-element elementor-element-72189c0 elementor-section-content-middle elementor-section-boxed elementor-section-height-default elementor-section-height-default\" data-id=\"72189c0\" data-element_type=\"section\">\n\t\t\t\t\t\t<div class=\"elementor-container elementor-column-gap-no\">\n\t\t\t\t\t<div class=\"elementor-column elementor-col-100 elementor-top-column elementor-element elementor-element-c57e0a6\" data-id=\"c57e0a6\" data-element_type=\"column\" data-settings=\"{&quot;background_background&quot;:&quot;classic&quot;}\">\n\t\t\t<div class=\"elementor-widget-wrap elementor-element-populated\">\n\t\t\t\t\t\t<div class=\"elementor-element elementor-element-91d3995 elementor-widget elementor-widget-heading\" data-id=\"91d3995\" data-element_type=\"widget\" data-widget_type=\"heading.default\">\n\t\t\t\t<div class=\"elementor-widget-container\">\n\t\t\t\t\t<p class=\"elementor-heading-title elementor-size-default\">Para que algo se desarrolle para mejor, tenemos que tomarlo en nuestras propias manos.<\/p>\t\t\t\t<\/div>\n\t\t\t\t<\/div>\n\t\t\t\t<div class=\"elementor-element elementor-element-ce88854 elementor-widget elementor-widget-heading\" data-id=\"ce88854\" data-element_type=\"widget\" data-widget_type=\"heading.default\">\n\t\t\t\t<div class=\"elementor-widget-container\">\n\t\t\t\t\t<p class=\"elementor-heading-title elementor-size-default\"><span style=\"color: #CCCC00;font-weight: bold\">Muchos admiran a los grandes maestros, llenos de falsas esperanzas.<\/span> Los adoran y animan, confiando ciegamente en ellos para hacer el mundo mejor para nosotros.\n Y algunos de estos grandes inicialmente no tienen nada m\u00e1s en mente. Pero una vez que ha llegado a la cima, solo ve el mundo desde arriba. S\u00f3lo nos ve aqu\u00ed abajo muy peque\u00f1os y borrosos. \u00a1No, no puede ser! Solo podemos mejorar nuestra situaci\u00f3n nosotros mismos.<\/p>\t\t\t\t<\/div>\n\t\t\t\t<\/div>\n\t\t\t\t<div class=\"elementor-element elementor-element-a608f28 elementor-widget elementor-widget-heading\" data-id=\"a608f28\" data-element_type=\"widget\" data-widget_type=\"heading.default\">\n\t\t\t\t<div class=\"elementor-widget-container\">\n\t\t\t\t\t<p class=\"elementor-heading-title elementor-size-default\"><span style=\"color: #168C2E;font-weight: bold\">Somos gente trabajadora com\u00fan y corriente, y queremos seguir si\u00e9ndolo.<\/span> Ponemos muchos obst\u00e1culos al abuso de poder, por ejemplo con nuestros estatutos, que se basan en la democracia de base, dan a los funcionarios solo un mandato imperativo y exigen la rotaci\u00f3n y las contribuciones obligatorias. A cambio, cada miembro tiene amplios derechos para volverse activo de manera autodeterminada.<\/p>\t\t\t\t<\/div>\n\t\t\t\t<\/div>\n\t\t\t\t<div class=\"elementor-element elementor-element-5ab8ebf elementor-widget elementor-widget-heading\" data-id=\"5ab8ebf\" data-element_type=\"widget\" data-widget_type=\"heading.default\">\n\t\t\t\t<div class=\"elementor-widget-container\">\n\t\t\t\t\t<p class=\"elementor-heading-title elementor-size-default\"><span style=\"color: #E41B1D;font-weight: bold\">El trabajo honesto hace avanzar al mundo, siempre y cuando no nos explote.<\/span> Y lamentablemente ese es el caso muy a menudo hoy en d\u00eda: aquellos a quienes tenemos que vender nuestra fuerza de trabajo se benefician principalmente de los frutos de nuestro trabajo. Su capital se est\u00e1 acumulando m\u00e1s y m\u00e1s, elev\u00e1ndose hacia el cielo. Desde all\u00ed arriba anuncian su mensaje, que quiere hacernos creer que todo esto es por nuestro bien. No, no es. Lo que realmente nos ayuda es cuando empezamos a compartir en solidaridad. Todo lo que necesitamos para trabajar tambi\u00e9n debe ser de todos nosotros, para que podamos invertir un excedente de tal manera que obtengamos algo de \u00e9l.<\/p>\t\t\t\t<\/div>\n\t\t\t\t<\/div>\n\t\t\t\t\t<\/div>\n\t\t<\/div>\n\t\t\t\t\t<\/div>\n\t\t<\/section>\n\t\t\t\t<\/div>\n\t\t","protected":false},"excerpt":{"rendered":"<p>Para que algo se desarrolle para mejor, tenemos que tomarlo en nuestras propias manos. Muchos admiran a los grandes maestros, llenos de falsas esperanzas. Los adoran y animan, confiando ciegamente en ellos para hacer el mundo mejor para nosotros. Y algunos de estos grandes inicialmente no tienen nada m\u00e1s en mente. Pero una vez que [&hellip;]<\/p>\n","protected":false},"author":1,"featured_media":0,"parent":0,"menu_order":0,"comment_status":"closed","ping_status":"closed","template":"elementor_header_footer","meta":{"footnotes":""},"class_list":["post-7497","page","type-page","status-publish","hentry"],"yoast_head":"<!-- This site is optimized with the Yoast SEO plugin v25.3.1 - https:\/\/yoast.com\/wordpress\/plugins\/seo\/ -->\n<title>autocomprensi\u00f3n - PDA Aargau<\/title>\n<meta name=\"robots\" content=\"index, follow, max-snippet:-1, max-image-preview:large, max-video-preview:-1\" \/>\n<link rel=\"canonical\" href=\"https:\/\/pda-ag.ch\/es\/nuestra-autocomprension\/\" \/>\n<meta property=\"og:locale\" content=\"es_ES\" \/>\n<meta property=\"og:type\" content=\"article\" \/>\n<meta property=\"og:title\" content=\"autocomprensi\u00f3n - PDA Aargau\" \/>\n<meta property=\"og:description\" content=\"Para que algo se desarrolle para mejor, tenemos que tomarlo en nuestras propias manos. Muchos admiran a los grandes maestros, llenos de falsas esperanzas. Los adoran y animan, confiando ciegamente en ellos para hacer el mundo mejor para nosotros. Y algunos de estos grandes inicialmente no tienen nada m\u00e1s en mente. Pero una vez que [&hellip;]\" \/>\n<meta property=\"og:url\" content=\"https:\/\/pda-ag.ch\/es\/nuestra-autocomprension\/\" \/>\n<meta property=\"og:site_name\" content=\"PDA Aargau\" \/>\n<meta property=\"article:publisher\" content=\"https:\/\/www.facebook.com\/pda.aargau\" \/>\n<meta property=\"article:modified_time\" content=\"2023-07-16T05:42:12+00:00\" \/>\n<meta name=\"twitter:card\" content=\"summary_large_image\" \/>\n<meta name=\"twitter:label1\" content=\"Est. reading time\" \/>\n\t<meta name=\"twitter:data1\" content=\"1 minute\" \/>\n<script type=\"application\/ld+json\" class=\"yoast-schema-graph\">{\"@context\":\"https:\/\/schema.org\",\"@graph\":[{\"@type\":\"WebPage\",\"@id\":\"https:\/\/pda-ag.ch\/es\/nuestra-autocomprension\/\",\"url\":\"https:\/\/pda-ag.ch\/es\/nuestra-autocomprension\/\",\"name\":\"autocomprensi\u00f3n - PDA Aargau\",\"isPartOf\":{\"@id\":\"https:\/\/pda-ag.ch\/es\/#website\"},\"datePublished\":\"2023-07-10T18:49:49+00:00\",\"dateModified\":\"2023-07-16T05:42:12+00:00\",\"breadcrumb\":{\"@id\":\"https:\/\/pda-ag.ch\/es\/nuestra-autocomprension\/#breadcrumb\"},\"inLanguage\":\"es-ES\",\"potentialAction\":[{\"@type\":\"ReadAction\",\"target\":[\"https:\/\/pda-ag.ch\/es\/nuestra-autocomprension\/\"]}]},{\"@type\":\"BreadcrumbList\",\"@id\":\"https:\/\/pda-ag.ch\/es\/nuestra-autocomprension\/#breadcrumb\",\"itemListElement\":[{\"@type\":\"ListItem\",\"position\":1,\"name\":\"Home\",\"item\":\"https:\/\/pda-ag.ch\/es\/casa\/\"},{\"@type\":\"ListItem\",\"position\":2,\"name\":\"autocomprensi\u00f3n\"}]},{\"@type\":\"WebSite\",\"@id\":\"https:\/\/pda-ag.ch\/es\/#website\",\"url\":\"https:\/\/pda-ag.ch\/es\/\",\"name\":\"PDA Aargau\",\"description\":\"\",\"publisher\":{\"@id\":\"https:\/\/pda-ag.ch\/es\/#organization\"},\"potentialAction\":[{\"@type\":\"SearchAction\",\"target\":{\"@type\":\"EntryPoint\",\"urlTemplate\":\"https:\/\/pda-ag.ch\/es\/?s={search_term_string}\"},\"query-input\":{\"@type\":\"PropertyValueSpecification\",\"valueRequired\":true,\"valueName\":\"search_term_string\"}}],\"inLanguage\":\"es-ES\"},{\"@type\":\"Organization\",\"@id\":\"https:\/\/pda-ag.ch\/es\/#organization\",\"name\":\"PDA Aargau\",\"url\":\"https:\/\/pda-ag.ch\/es\/\",\"logo\":{\"@type\":\"ImageObject\",\"inLanguage\":\"es-ES\",\"@id\":\"https:\/\/pda-ag.ch\/es\/#\/schema\/logo\/image\/\",\"url\":\"https:\/\/pda-ag.ch\/wp-content\/uploads\/2021\/05\/photo_2021-03-14_19-57-07-e1617788004372.jpg\",\"contentUrl\":\"https:\/\/pda-ag.ch\/wp-content\/uploads\/2021\/05\/photo_2021-03-14_19-57-07-e1617788004372.jpg\",\"width\":814,\"height\":290,\"caption\":\"PDA Aargau\"},\"image\":{\"@id\":\"https:\/\/pda-ag.ch\/es\/#\/schema\/logo\/image\/\"},\"sameAs\":[\"https:\/\/www.facebook.com\/pda.aargau\",\"https:\/\/www.instagram.com\/pdaaargau\/\",\"https:\/\/www.youtube.com\/channel\/UCLUB3blAFmqFiPAsBwx3oKQ\"]}]}<\/script>\n<!-- \/ Yoast SEO plugin. -->","yoast_head_json":{"title":"autocomprensi\u00f3n - PDA Aargau","robots":{"index":"index","follow":"follow","max-snippet":"max-snippet:-1","max-image-preview":"max-image-preview:large","max-video-preview":"max-video-preview:-1"},"canonical":"https:\/\/pda-ag.ch\/es\/nuestra-autocomprension\/","og_locale":"es_ES","og_type":"article","og_title":"autocomprensi\u00f3n - PDA Aargau","og_description":"Para que algo se desarrolle para mejor, tenemos que tomarlo en nuestras propias manos. Muchos admiran a los grandes maestros, llenos de falsas esperanzas. Los adoran y animan, confiando ciegamente en ellos para hacer el mundo mejor para nosotros. Y algunos de estos grandes inicialmente no tienen nada m\u00e1s en mente. Pero una vez que [&hellip;]","og_url":"https:\/\/pda-ag.ch\/es\/nuestra-autocomprension\/","og_site_name":"PDA Aargau","article_publisher":"https:\/\/www.facebook.com\/pda.aargau","article_modified_time":"2023-07-16T05:42:12+00:00","twitter_card":"summary_large_image","twitter_misc":{"Est. reading time":"1 minute"},"schema":{"@context":"https:\/\/schema.org","@graph":[{"@type":"WebPage","@id":"https:\/\/pda-ag.ch\/es\/nuestra-autocomprension\/","url":"https:\/\/pda-ag.ch\/es\/nuestra-autocomprension\/","name":"autocomprensi\u00f3n - PDA Aargau","isPartOf":{"@id":"https:\/\/pda-ag.ch\/es\/#website"},"datePublished":"2023-07-10T18:49:49+00:00","dateModified":"2023-07-16T05:42:12+00:00","breadcrumb":{"@id":"https:\/\/pda-ag.ch\/es\/nuestra-autocomprension\/#breadcrumb"},"inLanguage":"es-ES","potentialAction":[{"@type":"ReadAction","target":["https:\/\/pda-ag.ch\/es\/nuestra-autocomprension\/"]}]},{"@type":"BreadcrumbList","@id":"https:\/\/pda-ag.ch\/es\/nuestra-autocomprension\/#breadcrumb","itemListElement":[{"@type":"ListItem","position":1,"name":"Home","item":"https:\/\/pda-ag.ch\/es\/casa\/"},{"@type":"ListItem","position":2,"name":"autocomprensi\u00f3n"}]},{"@type":"WebSite","@id":"https:\/\/pda-ag.ch\/es\/#website","url":"https:\/\/pda-ag.ch\/es\/","name":"PDA Aargau","description":"","publisher":{"@id":"https:\/\/pda-ag.ch\/es\/#organization"},"potentialAction":[{"@type":"SearchAction","target":{"@type":"EntryPoint","urlTemplate":"https:\/\/pda-ag.ch\/es\/?s={search_term_string}"},"query-input":{"@type":"PropertyValueSpecification","valueRequired":true,"valueName":"search_term_string"}}],"inLanguage":"es-ES"},{"@type":"Organization","@id":"https:\/\/pda-ag.ch\/es\/#organization","name":"PDA Aargau","url":"https:\/\/pda-ag.ch\/es\/","logo":{"@type":"ImageObject","inLanguage":"es-ES","@id":"https:\/\/pda-ag.ch\/es\/#\/schema\/logo\/image\/","url":"https:\/\/pda-ag.ch\/wp-content\/uploads\/2021\/05\/photo_2021-03-14_19-57-07-e1617788004372.jpg","contentUrl":"https:\/\/pda-ag.ch\/wp-content\/uploads\/2021\/05\/photo_2021-03-14_19-57-07-e1617788004372.jpg","width":814,"height":290,"caption":"PDA Aargau"},"image":{"@id":"https:\/\/pda-ag.ch\/es\/#\/schema\/logo\/image\/"},"sameAs":["https:\/\/www.facebook.com\/pda.aargau","https:\/\/www.instagram.com\/pdaaargau\/","https:\/\/www.youtube.com\/channel\/UCLUB3blAFmqFiPAsBwx3oKQ"]}]}},"_links":{"self":[{"href":"https:\/\/pda-ag.ch\/es\/wp-json\/wp\/v2\/pages\/7497","targetHints":{"allow":["GET"]}}],"collection":[{"href":"https:\/\/pda-ag.ch\/es\/wp-json\/wp\/v2\/pages"}],"about":[{"href":"https:\/\/pda-ag.ch\/es\/wp-json\/wp\/v2\/types\/page"}],"author":[{"embeddable":true,"href":"https:\/\/pda-ag.ch\/es\/wp-json\/wp\/v2\/users\/1"}],"replies":[{"embeddable":true,"href":"https:\/\/pda-ag.ch\/es\/wp-json\/wp\/v2\/comments?post=7497"}],"version-history":[{"count":3,"href":"https:\/\/pda-ag.ch\/es\/wp-json\/wp\/v2\/pages\/7497\/revisions"}],"predecessor-version":[{"id":8167,"href":"https:\/\/pda-ag.ch\/es\/wp-json\/wp\/v2\/pages\/7497\/revisions\/8167"}],"wp:attachment":[{"href":"https:\/\/pda-ag.ch\/es\/wp-json\/wp\/v2\/media?parent=7497"}],"curies":[{"name":"wp","href":"https:\/\/api.w.org\/{rel}","templated":true}]}}