{"id":2120,"date":"2021-05-25T14:16:22","date_gmt":"2021-05-25T12:16:22","guid":{"rendered":"https:\/\/pda-ag.ch\/participar\/"},"modified":"2021-11-06T09:14:40","modified_gmt":"2021-11-06T08:14:40","slug":"participar","status":"publish","type":"page","link":"https:\/\/pda-ag.ch\/es\/participar\/","title":{"rendered":"Participar"},"content":{"rendered":"\t\t<div data-elementor-type=\"wp-page\" data-elementor-id=\"2120\" class=\"elementor elementor-2120 elementor-370\" data-elementor-post-type=\"page\">\n\t\t\t\t\t\t<section class=\"elementor-section elementor-top-section elementor-element elementor-element-700b9c30 elementor-section-boxed elementor-section-height-default elementor-section-height-default\" data-id=\"700b9c30\" data-element_type=\"section\">\n\t\t\t\t\t\t<div class=\"elementor-container elementor-column-gap-default\">\n\t\t\t\t\t<div class=\"elementor-column elementor-col-50 elementor-top-column elementor-element elementor-element-38fd5235\" data-id=\"38fd5235\" data-element_type=\"column\" data-settings=\"{&quot;background_background&quot;:&quot;classic&quot;}\">\n\t\t\t<div class=\"elementor-widget-wrap elementor-element-populated\">\n\t\t\t\t\t\t<div class=\"elementor-element elementor-element-3ea2464 elementor-widget elementor-widget-heading\" data-id=\"3ea2464\" data-element_type=\"widget\" data-widget_type=\"heading.default\">\n\t\t\t\t<div class=\"elementor-widget-container\">\n\t\t\t\t\t<h1 class=\"elementor-heading-title elementor-size-default\">\u00a1CONT\u00c1CTENOS!<\/h1>\t\t\t\t<\/div>\n\t\t\t\t<\/div>\n\t\t\t\t<div class=\"elementor-element elementor-element-bbf26ff elementor-align-left elementor-icon-list--layout-traditional elementor-list-item-link-full_width elementor-widget elementor-widget-icon-list\" data-id=\"bbf26ff\" data-element_type=\"widget\" data-widget_type=\"icon-list.default\">\n\t\t\t\t<div class=\"elementor-widget-container\">\n\t\t\t\t\t\t\t<ul class=\"elementor-icon-list-items\">\n\t\t\t\t\t\t\t<li class=\"elementor-icon-list-item\">\n\t\t\t\t\t\t\t\t\t\t\t<span class=\"elementor-icon-list-icon\">\n\t\t\t\t\t\t\t<i aria-hidden=\"true\" class=\"fas fa-map-marker-alt\"><\/i>\t\t\t\t\t\t<\/span>\n\t\t\t\t\t\t\t\t\t\t<span class=\"elementor-icon-list-text\">Secci\u00f3n Aargau del Partido del Trabajo<\/span>\n\t\t\t\t\t\t\t\t\t<\/li>\n\t\t\t\t\t\t\t\t<li class=\"elementor-icon-list-item\">\n\t\t\t\t\t\t\t\t\t\t\t<span class=\"elementor-icon-list-icon\">\n\t\t\t\t\t\t\t<i aria-hidden=\"true\" class=\"far fa-envelope\"><\/i>\t\t\t\t\t\t<\/span>\n\t\t\t\t\t\t\t\t\t\t<span class=\"elementor-icon-list-text\">info@pda-ag.ch<\/span>\n\t\t\t\t\t\t\t\t\t<\/li>\n\t\t\t\t\t\t\t\t<li class=\"elementor-icon-list-item\">\n\t\t\t\t\t\t\t\t\t\t\t<span class=\"elementor-icon-list-icon\">\n\t\t\t\t\t\t\t<i aria-hidden=\"true\" class=\"far fa-heart\"><\/i>\t\t\t\t\t\t<\/span>\n\t\t\t\t\t\t\t\t\t\t<span class=\"elementor-icon-list-text\">Cuenta: 80-34320-5<\/span>\n\t\t\t\t\t\t\t\t\t<\/li>\n\t\t\t\t\t\t\t\t<li class=\"elementor-icon-list-item\">\n\t\t\t\t\t\t\t\t\t\t\t<span class=\"elementor-icon-list-icon\">\n\t\t\t\t\t\t\t<i aria-hidden=\"true\" class=\"fas fa-phone-alt\"><\/i>\t\t\t\t\t\t<\/span>\n\t\t\t\t\t\t\t\t\t\t<span class=\"elementor-icon-list-text\">Tel. +41 79 920 71 37<\/span>\n\t\t\t\t\t\t\t\t\t<\/li>\n\t\t\t\t\t\t<\/ul>\n\t\t\t\t\t\t<\/div>\n\t\t\t\t<\/div>\n\t\t\t\t\t<\/div>\n\t\t<\/div>\n\t\t\t\t<div class=\"elementor-column elementor-col-50 elementor-top-column elementor-element elementor-element-745055f0\" data-id=\"745055f0\" data-element_type=\"column\" data-settings=\"{&quot;background_background&quot;:&quot;classic&quot;}\">\n\t\t\t<div class=\"elementor-widget-wrap elementor-element-populated\">\n\t\t\t\t\t\t<div class=\"elementor-element elementor-element-154550f elementor-widget elementor-widget-heading\" data-id=\"154550f\" data-element_type=\"widget\" data-widget_type=\"heading.default\">\n\t\t\t\t<div class=\"elementor-widget-container\">\n\t\t\t\t\t<h2 class=\"elementor-heading-title elementor-size-default\">\u00a1\u00daNETE AL PDA AARGAU!<\/h2>\t\t\t\t<\/div>\n\t\t\t\t<\/div>\n\t\t\t\t<div class=\"elementor-element elementor-element-5f772ea elementor-widget elementor-widget-text-editor\" data-id=\"5f772ea\" data-element_type=\"widget\" data-widget_type=\"text-editor.default\">\n\t\t\t\t<div class=\"elementor-widget-container\">\n\t\t\t\t\t\t\t\t\t<p>Convi\u00e9rtete en un simpatizante o miembro. Como simpatizante, recibir\u00e1 toda la informaci\u00f3n de nuestra parte y ser\u00e1 bienvenido en todas las reuniones. Como miembro, tambi\u00e9n tiene derecho a votar y ser elegido. La tarifa de membres\u00eda es del 0.05 por ciento de su ingreso anual neto seg\u00fan la autodeclaraci\u00f3n. (Si recibiera un salario de 60.000 francos al a\u00f1o, ser\u00edan 30 francos al a\u00f1o).<\/p>\n\t\t\t\t\t\t\t\t<\/div>\n\t\t\t\t<\/div>\n\t\t\t\t<div class=\"elementor-element elementor-element-524b8379 eael-wpforms-form-button-full-width eael-wpforms-labels-yes elementor-widget elementor-widget-eael-wpforms\" data-id=\"524b8379\" data-element_type=\"widget\" data-widget_type=\"eael-wpforms.default\">\n\t\t\t\t<div class=\"elementor-widget-container\">\n\t\t\t\t\t            <div class=\"eael-contact-form eael-wpforms eael-wpforms-align-center\">\n                                <div class=\"wpforms-container wpforms-container-full\" id=\"wpforms-667\"><form id=\"wpforms-form-667\" class=\"wpforms-validate wpforms-form\" data-formid=\"667\" method=\"post\" enctype=\"multipart\/form-data\" action=\"\/es\/wp-json\/wp\/v2\/pages\/2120\" data-token=\"cb91a0d79b7604e855ae93a436cbd54e\" data-token-time=\"1776221459\"><div class=\"wpforms-head-container\"><div class=\"wpforms-title\">Kontaktiere uns!<\/div><\/div><noscript class=\"wpforms-error-noscript\">Please enable JavaScript in your browser to complete this form.<\/noscript><div class=\"wpforms-field-container\"><div id=\"wpforms-667-field_0-container\" class=\"wpforms-field wpforms-field-name\" data-field-id=\"0\"><label class=\"wpforms-field-label\" for=\"wpforms-667-field_0\">Vollst\u00e4ndiger Name <span class=\"wpforms-required-label\">*<\/span><\/label><input type=\"text\" id=\"wpforms-667-field_0\" class=\"wpforms-field-medium wpforms-field-required\" name=\"wpforms[fields][0]\" required><\/div><div id=\"wpforms-667-field_1-container\" class=\"wpforms-field wpforms-field-email\" data-field-id=\"1\"><label class=\"wpforms-field-label\" for=\"wpforms-667-field_1\">Email <span class=\"wpforms-required-label\">*<\/span><\/label><input type=\"email\" id=\"wpforms-667-field_1\" class=\"wpforms-field-medium wpforms-field-required\" name=\"wpforms[fields][1]\" spellcheck=\"false\" required><\/div><div id=\"wpforms-667-field_4-container\" class=\"wpforms-field wpforms-field-number\" data-field-id=\"4\"><label class=\"wpforms-field-label\" for=\"wpforms-667-field_4\">Telefonnummer <span class=\"wpforms-required-label\">*<\/span><\/label><input type=\"number\" id=\"wpforms-667-field_4\" class=\"wpforms-field-medium wpforms-field-required\" name=\"wpforms[fields][4]\" step=\"any\" required><\/div><div id=\"wpforms-667-field_2-container\" class=\"wpforms-field wpforms-field-textarea\" data-field-id=\"2\"><label class=\"wpforms-field-label\" for=\"wpforms-667-field_2\">Adresse &amp; Postleitzahl <span class=\"wpforms-required-label\">*<\/span><\/label><textarea id=\"wpforms-667-field_2\" class=\"wpforms-field-medium wpforms-field-required\" name=\"wpforms[fields][2]\" required><\/textarea><\/div><div id=\"wpforms-667-field_5-container\" class=\"wpforms-field wpforms-field-textarea\" data-field-id=\"5\"><label class=\"wpforms-field-label\" for=\"wpforms-667-field_5\">Schreibe deine Nachricht hier <span class=\"wpforms-required-label\">*<\/span><\/label><textarea id=\"wpforms-667-field_5\" class=\"wpforms-field-medium wpforms-field-required\" name=\"wpforms[fields][5]\" required><\/textarea><\/div><\/div><!-- .wpforms-field-container --><div class=\"wpforms-recaptcha-container wpforms-is-recaptcha wpforms-is-recaptcha-type-v2\" ><div class=\"g-recaptcha\" data-sitekey=\"6Le-noEfAAAAAJr9mv9k56H73jU8NQg5FgXGhO_z\"><\/div><input type=\"text\" name=\"g-recaptcha-hidden\" class=\"wpforms-recaptcha-hidden\" style=\"position:absolute!important;clip:rect(0,0,0,0)!important;height:1px!important;width:1px!important;border:0!important;overflow:hidden!important;padding:0!important;margin:0!important;\" data-rule-recaptcha=\"1\"><\/div><div class=\"wpforms-submit-container\" ><input type=\"hidden\" name=\"wpforms[id]\" value=\"667\"><input type=\"hidden\" name=\"page_title\" value=\"\"><input type=\"hidden\" name=\"page_url\" value=\"https:\/\/pda-ag.ch\/es\/wp-json\/wp\/v2\/pages\/2120\"><input type=\"hidden\" name=\"url_referer\" value=\"\"><button type=\"submit\" name=\"wpforms[submit]\" id=\"wpforms-submit-667\" class=\"wpforms-submit\" data-alt-text=\"Senden ...\" data-submit-text=\"Senden\" aria-live=\"assertive\" value=\"wpforms-submit\">Senden<\/button><\/div><\/form><\/div>  <!-- .wpforms-container -->            <\/div>\n\t\t\t\t<\/div>\n\t\t\t\t<\/div>\n\t\t\t\t\t<\/div>\n\t\t<\/div>\n\t\t\t\t\t<\/div>\n\t\t<\/section>\n\t\t\t\t<section class=\"elementor-section elementor-top-section elementor-element elementor-element-c8f97b7 elementor-section-content-middle elementor-section-boxed elementor-section-height-default elementor-section-height-default\" data-id=\"c8f97b7\" data-element_type=\"section\">\n\t\t\t\t\t\t<div class=\"elementor-container elementor-column-gap-no\">\n\t\t\t\t\t<div class=\"elementor-column elementor-col-100 elementor-top-column elementor-element elementor-element-2142fc1\" data-id=\"2142fc1\" data-element_type=\"column\" data-settings=\"{&quot;background_background&quot;:&quot;classic&quot;}\">\n\t\t\t<div class=\"elementor-widget-wrap elementor-element-populated\">\n\t\t\t\t\t\t<div class=\"elementor-element elementor-element-235f0e8 elementor-widget-divider--view-line elementor-widget elementor-widget-divider\" data-id=\"235f0e8\" data-element_type=\"widget\" data-widget_type=\"divider.default\">\n\t\t\t\t<div class=\"elementor-widget-container\">\n\t\t\t\t\t\t\t<div class=\"elementor-divider\">\n\t\t\t<span class=\"elementor-divider-separator\">\n\t\t\t\t\t\t<\/span>\n\t\t<\/div>\n\t\t\t\t\t\t<\/div>\n\t\t\t\t<\/div>\n\t\t\t\t<div class=\"elementor-element elementor-element-64d7e05 elementor-widget elementor-widget-heading\" data-id=\"64d7e05\" data-element_type=\"widget\" data-widget_type=\"heading.default\">\n\t\t\t\t<div class=\"elementor-widget-container\">\n\t\t\t\t\t<h1 class=\"elementor-heading-title elementor-size-default\">\u00a1DONO LA PDA!<\/h1>\t\t\t\t<\/div>\n\t\t\t\t<\/div>\n\t\t\t\t<div class=\"elementor-element elementor-element-a1308e0 elementor-widget elementor-widget-heading\" data-id=\"a1308e0\" data-element_type=\"widget\" data-widget_type=\"heading.default\">\n\t\t\t\t<div class=\"elementor-widget-container\">\n\t\t\t\t\t<p class=\"elementor-heading-title elementor-size-default\">Cuenta de nuestra secci\u00f3n de padres PdAZ: 80-34320-5<\/p>\t\t\t\t<\/div>\n\t\t\t\t<\/div>\n\t\t\t\t\t<\/div>\n\t\t<\/div>\n\t\t\t\t\t<\/div>\n\t\t<\/section>\n\t\t\t\t<\/div>\n\t\t","protected":false},"excerpt":{"rendered":"<p>\u00a1CONT\u00c1CTENOS! Secci\u00f3n Aargau del Partido del Trabajo info@pda-ag.ch Cuenta: 80-34320-5 Tel. +41 79 920 71 37 \u00a1\u00daNETE AL PDA AARGAU! Convi\u00e9rtete en un simpatizante o miembro. Como simpatizante, recibir\u00e1 toda la informaci\u00f3n de nuestra parte y ser\u00e1 bienvenido en todas las reuniones. Como miembro, tambi\u00e9n tiene derecho a votar y ser elegido. La tarifa de [&hellip;]<\/p>\n","protected":false},"author":1,"featured_media":0,"parent":0,"menu_order":0,"comment_status":"closed","ping_status":"closed","template":"elementor_header_footer","meta":{"footnotes":""},"class_list":["post-2120","page","type-page","status-publish","hentry"],"yoast_head":"<!-- This site is optimized with the Yoast SEO plugin v25.3.1 - https:\/\/yoast.com\/wordpress\/plugins\/seo\/ -->\n<title>Participar - PDA Aargau<\/title>\n<meta name=\"robots\" content=\"index, follow, max-snippet:-1, max-image-preview:large, max-video-preview:-1\" \/>\n<link rel=\"canonical\" href=\"https:\/\/pda-ag.ch\/es\/participar\/\" \/>\n<meta property=\"og:locale\" content=\"es_ES\" \/>\n<meta property=\"og:type\" content=\"article\" \/>\n<meta property=\"og:title\" content=\"Participar - PDA Aargau\" \/>\n<meta property=\"og:description\" content=\"\u00a1CONT\u00c1CTENOS! Secci\u00f3n Aargau del Partido del Trabajo info@pda-ag.ch Cuenta: 80-34320-5 Tel. +41 79 920 71 37 \u00a1\u00daNETE AL PDA AARGAU! Convi\u00e9rtete en un simpatizante o miembro. Como simpatizante, recibir\u00e1 toda la informaci\u00f3n de nuestra parte y ser\u00e1 bienvenido en todas las reuniones. Como miembro, tambi\u00e9n tiene derecho a votar y ser elegido. La tarifa de [&hellip;]\" \/>\n<meta property=\"og:url\" content=\"https:\/\/pda-ag.ch\/es\/participar\/\" \/>\n<meta property=\"og:site_name\" content=\"PDA Aargau\" \/>\n<meta property=\"article:publisher\" content=\"https:\/\/www.facebook.com\/pda.aargau\" \/>\n<meta property=\"article:modified_time\" content=\"2021-11-06T08:14:40+00:00\" \/>\n<meta name=\"twitter:card\" content=\"summary_large_image\" \/>\n<meta name=\"twitter:label1\" content=\"Est. reading time\" \/>\n\t<meta name=\"twitter:data1\" content=\"1 minute\" \/>\n<script type=\"application\/ld+json\" class=\"yoast-schema-graph\">{\"@context\":\"https:\/\/schema.org\",\"@graph\":[{\"@type\":\"WebPage\",\"@id\":\"https:\/\/pda-ag.ch\/es\/participar\/\",\"url\":\"https:\/\/pda-ag.ch\/es\/participar\/\",\"name\":\"Participar - PDA Aargau\",\"isPartOf\":{\"@id\":\"https:\/\/pda-ag.ch\/es\/#website\"},\"datePublished\":\"2021-05-25T12:16:22+00:00\",\"dateModified\":\"2021-11-06T08:14:40+00:00\",\"breadcrumb\":{\"@id\":\"https:\/\/pda-ag.ch\/es\/participar\/#breadcrumb\"},\"inLanguage\":\"es-ES\",\"potentialAction\":[{\"@type\":\"ReadAction\",\"target\":[\"https:\/\/pda-ag.ch\/es\/participar\/\"]}]},{\"@type\":\"BreadcrumbList\",\"@id\":\"https:\/\/pda-ag.ch\/es\/participar\/#breadcrumb\",\"itemListElement\":[{\"@type\":\"ListItem\",\"position\":1,\"name\":\"Home\",\"item\":\"https:\/\/pda-ag.ch\/es\/casa\/\"},{\"@type\":\"ListItem\",\"position\":2,\"name\":\"Participar\"}]},{\"@type\":\"WebSite\",\"@id\":\"https:\/\/pda-ag.ch\/es\/#website\",\"url\":\"https:\/\/pda-ag.ch\/es\/\",\"name\":\"PDA Aargau\",\"description\":\"\",\"publisher\":{\"@id\":\"https:\/\/pda-ag.ch\/es\/#organization\"},\"potentialAction\":[{\"@type\":\"SearchAction\",\"target\":{\"@type\":\"EntryPoint\",\"urlTemplate\":\"https:\/\/pda-ag.ch\/es\/?s={search_term_string}\"},\"query-input\":{\"@type\":\"PropertyValueSpecification\",\"valueRequired\":true,\"valueName\":\"search_term_string\"}}],\"inLanguage\":\"es-ES\"},{\"@type\":\"Organization\",\"@id\":\"https:\/\/pda-ag.ch\/es\/#organization\",\"name\":\"PDA Aargau\",\"url\":\"https:\/\/pda-ag.ch\/es\/\",\"logo\":{\"@type\":\"ImageObject\",\"inLanguage\":\"es-ES\",\"@id\":\"https:\/\/pda-ag.ch\/es\/#\/schema\/logo\/image\/\",\"url\":\"https:\/\/pda-ag.ch\/wp-content\/uploads\/2021\/05\/photo_2021-03-14_19-57-07-e1617788004372.jpg\",\"contentUrl\":\"https:\/\/pda-ag.ch\/wp-content\/uploads\/2021\/05\/photo_2021-03-14_19-57-07-e1617788004372.jpg\",\"width\":814,\"height\":290,\"caption\":\"PDA Aargau\"},\"image\":{\"@id\":\"https:\/\/pda-ag.ch\/es\/#\/schema\/logo\/image\/\"},\"sameAs\":[\"https:\/\/www.facebook.com\/pda.aargau\",\"https:\/\/www.instagram.com\/pdaaargau\/\",\"https:\/\/www.youtube.com\/channel\/UCLUB3blAFmqFiPAsBwx3oKQ\"]}]}<\/script>\n<!-- \/ Yoast SEO plugin. -->","yoast_head_json":{"title":"Participar - PDA Aargau","robots":{"index":"index","follow":"follow","max-snippet":"max-snippet:-1","max-image-preview":"max-image-preview:large","max-video-preview":"max-video-preview:-1"},"canonical":"https:\/\/pda-ag.ch\/es\/participar\/","og_locale":"es_ES","og_type":"article","og_title":"Participar - PDA Aargau","og_description":"\u00a1CONT\u00c1CTENOS! Secci\u00f3n Aargau del Partido del Trabajo info@pda-ag.ch Cuenta: 80-34320-5 Tel. +41 79 920 71 37 \u00a1\u00daNETE AL PDA AARGAU! Convi\u00e9rtete en un simpatizante o miembro. Como simpatizante, recibir\u00e1 toda la informaci\u00f3n de nuestra parte y ser\u00e1 bienvenido en todas las reuniones. Como miembro, tambi\u00e9n tiene derecho a votar y ser elegido. La tarifa de [&hellip;]","og_url":"https:\/\/pda-ag.ch\/es\/participar\/","og_site_name":"PDA Aargau","article_publisher":"https:\/\/www.facebook.com\/pda.aargau","article_modified_time":"2021-11-06T08:14:40+00:00","twitter_card":"summary_large_image","twitter_misc":{"Est. reading time":"1 minute"},"schema":{"@context":"https:\/\/schema.org","@graph":[{"@type":"WebPage","@id":"https:\/\/pda-ag.ch\/es\/participar\/","url":"https:\/\/pda-ag.ch\/es\/participar\/","name":"Participar - PDA Aargau","isPartOf":{"@id":"https:\/\/pda-ag.ch\/es\/#website"},"datePublished":"2021-05-25T12:16:22+00:00","dateModified":"2021-11-06T08:14:40+00:00","breadcrumb":{"@id":"https:\/\/pda-ag.ch\/es\/participar\/#breadcrumb"},"inLanguage":"es-ES","potentialAction":[{"@type":"ReadAction","target":["https:\/\/pda-ag.ch\/es\/participar\/"]}]},{"@type":"BreadcrumbList","@id":"https:\/\/pda-ag.ch\/es\/participar\/#breadcrumb","itemListElement":[{"@type":"ListItem","position":1,"name":"Home","item":"https:\/\/pda-ag.ch\/es\/casa\/"},{"@type":"ListItem","position":2,"name":"Participar"}]},{"@type":"WebSite","@id":"https:\/\/pda-ag.ch\/es\/#website","url":"https:\/\/pda-ag.ch\/es\/","name":"PDA Aargau","description":"","publisher":{"@id":"https:\/\/pda-ag.ch\/es\/#organization"},"potentialAction":[{"@type":"SearchAction","target":{"@type":"EntryPoint","urlTemplate":"https:\/\/pda-ag.ch\/es\/?s={search_term_string}"},"query-input":{"@type":"PropertyValueSpecification","valueRequired":true,"valueName":"search_term_string"}}],"inLanguage":"es-ES"},{"@type":"Organization","@id":"https:\/\/pda-ag.ch\/es\/#organization","name":"PDA Aargau","url":"https:\/\/pda-ag.ch\/es\/","logo":{"@type":"ImageObject","inLanguage":"es-ES","@id":"https:\/\/pda-ag.ch\/es\/#\/schema\/logo\/image\/","url":"https:\/\/pda-ag.ch\/wp-content\/uploads\/2021\/05\/photo_2021-03-14_19-57-07-e1617788004372.jpg","contentUrl":"https:\/\/pda-ag.ch\/wp-content\/uploads\/2021\/05\/photo_2021-03-14_19-57-07-e1617788004372.jpg","width":814,"height":290,"caption":"PDA Aargau"},"image":{"@id":"https:\/\/pda-ag.ch\/es\/#\/schema\/logo\/image\/"},"sameAs":["https:\/\/www.facebook.com\/pda.aargau","https:\/\/www.instagram.com\/pdaaargau\/","https:\/\/www.youtube.com\/channel\/UCLUB3blAFmqFiPAsBwx3oKQ"]}]}},"_links":{"self":[{"href":"https:\/\/pda-ag.ch\/es\/wp-json\/wp\/v2\/pages\/2120","targetHints":{"allow":["GET"]}}],"collection":[{"href":"https:\/\/pda-ag.ch\/es\/wp-json\/wp\/v2\/pages"}],"about":[{"href":"https:\/\/pda-ag.ch\/es\/wp-json\/wp\/v2\/types\/page"}],"author":[{"embeddable":true,"href":"https:\/\/pda-ag.ch\/es\/wp-json\/wp\/v2\/users\/1"}],"replies":[{"embeddable":true,"href":"https:\/\/pda-ag.ch\/es\/wp-json\/wp\/v2\/comments?post=2120"}],"version-history":[{"count":0,"href":"https:\/\/pda-ag.ch\/es\/wp-json\/wp\/v2\/pages\/2120\/revisions"}],"wp:attachment":[{"href":"https:\/\/pda-ag.ch\/es\/wp-json\/wp\/v2\/media?parent=2120"}],"curies":[{"name":"wp","href":"https:\/\/api.w.org\/{rel}","templated":true}]}}